{"id":2310,"date":"2017-01-15T17:33:55","date_gmt":"2017-01-15T16:33:55","guid":{"rendered":"http:\/\/www.clinicalopezgimenez.com\/?page_id=2310\/"},"modified":"2017-03-22T16:02:03","modified_gmt":"2017-03-22T15:02:03","slug":"dental-radiology","status":"publish","type":"page","link":"https:\/\/www.clinicalopezgimenez.com\/en\/dental-radiology\/","title":{"rendered":"Dental radiology"},"content":{"rendered":"<p><div class=\"fusion-fullwidth fullwidth-box fusion-builder-row-1 fusion-parallax-none nonhundred-percent-fullwidth non-hundred-percent-height-scrolling\" style=\"--awb-background-position:center bottom;--awb-border-radius-top-left:0px;--awb-border-radius-top-right:0px;--awb-border-radius-bottom-right:0px;--awb-border-radius-bottom-left:0px;--awb-padding-top:10%;--awb-padding-right:1%;--awb-padding-bottom:5%;--awb-padding-left:5%;--awb-background-image:url(&quot;http:\/\/www.clinicalopezgimenez.com\/wp-content\/uploads\/2017\/01\/radiologia-dental.jpg&quot;);--awb-background-size:cover;--awb-border-sizes-top:0px;--awb-border-sizes-bottom:0px;--awb-flex-wrap:wrap;\" ><div class=\"fusion-builder-row fusion-row\"><div class=\"fusion-layout-column fusion_builder_column fusion-builder-column-0 fusion_builder_column_1_1 1_1 fusion-one-full fusion-column-first fusion-column-last\" style=\"--awb-bg-size:cover;--awb-margin-top:15px;--awb-margin-bottom:10px;\"><div class=\"fusion-column-wrapper fusion-flex-column-wrapper-legacy\"><div class=\"fusion-sep-clear\"><\/div><div class=\"fusion-separator fusion-full-width-sep\" style=\"margin-left: auto;margin-right: auto;margin-top:5px;margin-bottom:5px;width:100%;\"><\/div><div class=\"fusion-sep-clear\"><\/div><div class=\"fusion-text fusion-text-1\"><h1><span style=\"color: #ffffff;\">Dental radiology<\/span><\/h1>\n<\/div><div class=\"fusion-sep-clear\"><\/div><div class=\"fusion-separator fusion-full-width-sep\" style=\"margin-left: auto;margin-right: auto;margin-top:5px;margin-bottom:0px;width:100%;\"><\/div><div class=\"fusion-sep-clear\"><\/div><div class=\"fusion-clearfix\"><\/div><\/div><\/div><\/div><\/div><div class=\"fusion-fullwidth fullwidth-box fusion-builder-row-2 nonhundred-percent-fullwidth non-hundred-percent-height-scrolling\" style=\"--awb-background-position:left top;--awb-border-radius-top-left:0px;--awb-border-radius-top-right:0px;--awb-border-radius-bottom-right:0px;--awb-border-radius-bottom-left:0px;--awb-padding-top:50px;--awb-padding-bottom:10px;--awb-border-sizes-top:0px;--awb-border-sizes-bottom:0px;--awb-flex-wrap:wrap;\" ><div class=\"fusion-builder-row fusion-row\"><div class=\"fusion-layout-column fusion_builder_column fusion-builder-column-1 fusion_builder_column_1_2 1_2 fusion-one-half fusion-column-first\" style=\"--awb-padding-top:0px;--awb-padding-right:40px;--awb-padding-bottom:0px;--awb-padding-left:40px;--awb-bg-color:#ffffff;--awb-bg-color-hover:#ffffff;--awb-bg-size:cover;--awb-border-color:#dddddd;--awb-border-top:0px;--awb-border-right:0px;--awb-border-bottom:0px;--awb-border-left:0px;--awb-border-style:solid;width:48%; margin-right: 4%;\"><div class=\"fusion-column-wrapper fusion-flex-column-wrapper-legacy\"><div class=\"fusion-text fusion-text-2\"><p>X-rays are needed in order to achieve a complete diagnosis and to further medical exploration. <\/p>\n<p>Orthopantomograms produce a whole vision of the mouth and periapical or other specific x-rays tests allow a more precise vision of particular teeth.<\/p>\n<p>At Cl\u00ednica L\u00f3pez Gim\u00e9nez, a portion of the benefits is always used to buy the latest diagnostic technology and we have recently incorporated one of the best TC Cone Beam on the market, the Planmeca ProMax 3DS, designed to obtain complete information on the Anatomy of the patient to the smallest detail.<\/p>\n<p>Intelligent, multi-purpose x-ray units provide panoramic, cephalometric and 3D images, as well as 3D photography, which allow maximum resolution with minimal radiation and no need to get into uncomfortable tubes like conventional scanners.<\/p>\n<\/div><div class=\"fusion-clearfix\"><\/div><\/div><\/div><div class=\"fusion-layout-column fusion_builder_column fusion-builder-column-2 fusion_builder_column_1_2 1_2 fusion-one-half fusion-column-last\" style=\"--awb-padding-top:0px;--awb-padding-right:30px;--awb-padding-bottom:0px;--awb-padding-left:30px;--awb-bg-color:#ffffff;--awb-bg-color-hover:#ffffff;--awb-bg-size:cover;--awb-border-color:#dddddd;--awb-border-top:0px;--awb-border-right:0px;--awb-border-bottom:0px;--awb-border-left:0px;--awb-border-style:solid;width:48%;\"><div class=\"fusion-column-wrapper fusion-flex-column-wrapper-legacy\"><div class=\"fusion-sep-clear\"><\/div><div class=\"fusion-separator fusion-full-width-sep\" style=\"margin-left: auto;margin-right: auto;margin-top:10px;width:100%;\"><\/div><div class=\"fusion-sep-clear\"><\/div><div class=\"fusion-text fusion-text-3\"><p><img decoding=\"async\" src=\"http:\/\/www.clinicalopezgimenez.com\/wp-content\/uploads\/2017\/01\/radiologia-dental-3d.jpg\" alt=\"Radiolog\u00eda dental\" width=\"500\" height=\"502\" class=\"alignnone size-full wp-image-1793\" srcset=\"https:\/\/www.clinicalopezgimenez.com\/wp-content\/uploads\/2017\/01\/radiologia-dental-3d-66x66.jpg 66w, https:\/\/www.clinicalopezgimenez.com\/wp-content\/uploads\/2017\/01\/radiologia-dental-3d-150x150.jpg 150w, https:\/\/www.clinicalopezgimenez.com\/wp-content\/uploads\/2017\/01\/radiologia-dental-3d-200x201.jpg 200w, https:\/\/www.clinicalopezgimenez.com\/wp-content\/uploads\/2017\/01\/radiologia-dental-3d-300x300.jpg 300w, https:\/\/www.clinicalopezgimenez.com\/wp-content\/uploads\/2017\/01\/radiologia-dental-3d-400x402.jpg 400w, https:\/\/www.clinicalopezgimenez.com\/wp-content\/uploads\/2017\/01\/radiologia-dental-3d.jpg 500w\" sizes=\"(max-width: 500px) 100vw, 500px\" \/><\/p>\n<\/div><div class=\"fusion-sep-clear\"><\/div><div class=\"fusion-separator fusion-full-width-sep\" style=\"margin-left: auto;margin-right: auto;margin-top:8px;margin-bottom:30px;width:100%;max-width:100%;\"><div class=\"fusion-separator-border sep-single sep-solid\" style=\"--awb-height:20px;--awb-amount:20px;--awb-sep-color:#6587b8;border-color:#6587b8;border-top-width:2px;\"><\/div><\/div><div class=\"fusion-sep-clear\"><\/div><div class=\"fusion-text fusion-text-4\"><p><img decoding=\"async\" src=\"http:\/\/www.clinicalopezgimenez.com\/wp-content\/uploads\/2017\/01\/radiologia-dental-3d-detalle.jpg\" alt=\"Radiolog\u00eda dental\" width=\"500\" height=\"304\" class=\"alignnone size-full wp-image-1794\" srcset=\"https:\/\/www.clinicalopezgimenez.com\/wp-content\/uploads\/2017\/01\/radiologia-dental-3d-detalle-200x122.jpg 200w, https:\/\/www.clinicalopezgimenez.com\/wp-content\/uploads\/2017\/01\/radiologia-dental-3d-detalle-300x182.jpg 300w, https:\/\/www.clinicalopezgimenez.com\/wp-content\/uploads\/2017\/01\/radiologia-dental-3d-detalle-400x243.jpg 400w, https:\/\/www.clinicalopezgimenez.com\/wp-content\/uploads\/2017\/01\/radiologia-dental-3d-detalle.jpg 500w\" sizes=\"(max-width: 500px) 100vw, 500px\" \/><\/p>\n<\/div><div class=\"fusion-clearfix\"><\/div><\/div><\/div><\/div><\/div><div class=\"fusion-fullwidth fullwidth-box fusion-builder-row-3 nonhundred-percent-fullwidth non-hundred-percent-height-scrolling\" style=\"--awb-background-position:left top;--awb-border-radius-top-left:0px;--awb-border-radius-top-right:0px;--awb-border-radius-bottom-right:0px;--awb-border-radius-bottom-left:0px;--awb-padding-top:0px;--awb-padding-bottom:0px;--awb-border-sizes-top:0px;--awb-border-sizes-bottom:0px;--awb-flex-wrap:wrap;\" ><div class=\"fusion-builder-row fusion-row\"><div class=\"fusion-layout-column fusion_builder_column fusion-builder-column-3 fusion_builder_column_1_1 1_1 fusion-one-full fusion-column-first fusion-column-last\" style=\"--awb-padding-top:0px;--awb-padding-right:40px;--awb-padding-bottom:0px;--awb-padding-left:40px;--awb-bg-color:#ffffff;--awb-bg-color-hover:#ffffff;--awb-bg-size:cover;--awb-border-color:#dddddd;--awb-border-style:solid;\"><div class=\"fusion-column-wrapper fusion-flex-column-wrapper-legacy\"><div class=\"fusion-sep-clear\"><\/div><div class=\"fusion-separator fusion-full-width-sep\" style=\"margin-left: auto;margin-right: auto;margin-top:0px;margin-bottom:40px;width:100%;\"><div class=\"fusion-separator-border sep-single sep-solid\" style=\"--awb-height:20px;--awb-amount:20px;--awb-sep-color:rgba(164,183,215,0.9);border-color:rgba(164,183,215,0.9);border-top-width:1px;\"><\/div><\/div><div class=\"fusion-sep-clear\"><\/div><div class=\"fusion-text fusion-text-5\"><h3><span style=\"color: #00609d;\">OUR TREATMENTS<\/span><\/h3>\n<\/div><div class=\"fusion-sep-clear\"><\/div><div class=\"fusion-separator fusion-full-width-sep\" style=\"margin-left: auto;margin-right: auto;margin-top:10px;width:100%;\"><\/div><div class=\"fusion-sep-clear\"><\/div><div class=\"fusion-widget-area awb-widget-area-element fusion-widget-area-1 fusion-content-widget-area\" style=\"--awb-title-size:21px;--awb-title-color:#444444;--awb-padding:0px 0px 0px 0px;\"><div id=\"menu-widget-3\" class=\"widget menu\" style=\"border-style: solid;border-color:transparent;border-width:0px;\"><style type=\"text\/css\">#menu-widget-3{text-align:left;}#fusion-menu-widget-3 li{display:inline-block;}#fusion-menu-widget-3 ul li a{display:inline-block;padding:0;border:0;color:#444444;font-size:15px;}#fusion-menu-widget-3 ul li a:after{content:\"|\";color:#444444;padding-right:10px;padding-left:10px;font-size:15px;}#fusion-menu-widget-3 ul li a:hover,#fusion-menu-widget-3 ul .menu-item.current-menu-item a{color:#00609d;}#fusion-menu-widget-3 ul li:last-child a:after{display:none;}#fusion-menu-widget-3 ul li .fusion-widget-cart-number{margin:0 7px;background-color:#00609d;color:#444444;}#fusion-menu-widget-3 ul li.fusion-active-cart-icon .fusion-widget-cart-icon:after{color:#00609d;}<\/style><nav id=\"fusion-menu-widget-3\" class=\"fusion-widget-menu\" aria-label=\"Secondary Navigation: \"><ul id=\"menu-menu-clg-tratamientos-english\" class=\"menu\"><li id=\"menu-item-2365\" class=\"menu-item menu-item-type-post_type menu-item-object-page menu-item-2365\"><a href=\"https:\/\/www.clinicalopezgimenez.com\/en\/preventive-odontology\/\">Preventive Odontology<\/a><\/li><li id=\"menu-item-2366\" class=\"menu-item menu-item-type-post_type menu-item-object-page menu-item-2366\"><a href=\"https:\/\/www.clinicalopezgimenez.com\/en\/general-odontology\/\">General Odontology<\/a><\/li><li id=\"menu-item-2367\" class=\"menu-item menu-item-type-post_type menu-item-object-page menu-item-2367\"><a href=\"https:\/\/www.clinicalopezgimenez.com\/en\/odontopediatrics\/\">Odontopediatrics<\/a><\/li><li id=\"menu-item-2368\" class=\"menu-item menu-item-type-post_type menu-item-object-page menu-item-2368\"><a href=\"https:\/\/www.clinicalopezgimenez.com\/en\/orthodontics\/\">Orthodontics<\/a><\/li><li id=\"menu-item-2369\" class=\"menu-item menu-item-type-post_type menu-item-object-page menu-item-2369\"><a href=\"https:\/\/www.clinicalopezgimenez.com\/en\/periodontics\/\">Periodontics<\/a><\/li><li id=\"menu-item-2370\" class=\"menu-item menu-item-type-post_type menu-item-object-page menu-item-2370\"><a href=\"https:\/\/www.clinicalopezgimenez.com\/en\/prosthesis\/\">Prosthesis<\/a><\/li><li id=\"menu-item-2371\" class=\"menu-item menu-item-type-post_type menu-item-object-page menu-item-2371\"><a href=\"https:\/\/www.clinicalopezgimenez.com\/en\/implantology\/\">Implantology<\/a><\/li><li id=\"menu-item-2372\" class=\"menu-item menu-item-type-post_type menu-item-object-page menu-item-2372\"><a href=\"https:\/\/www.clinicalopezgimenez.com\/en\/bone-regeneration\/\">Bone regeneration<\/a><\/li><li id=\"menu-item-2373\" class=\"menu-item menu-item-type-post_type menu-item-object-page menu-item-2373\"><a href=\"https:\/\/www.clinicalopezgimenez.com\/en\/oral-surgery\/\">Oral surgery<\/a><\/li><li id=\"menu-item-2374\" class=\"menu-item menu-item-type-post_type menu-item-object-page menu-item-2374\"><a href=\"https:\/\/www.clinicalopezgimenez.com\/en\/dental-radiology\/\">Dental radiology<\/a><\/li><li id=\"menu-item-2375\" class=\"menu-item menu-item-type-post_type menu-item-object-page menu-item-2375\"><a href=\"https:\/\/www.clinicalopezgimenez.com\/en\/odontological-treatments-under-sedation\/\">Odontological treatments in a unique session under sedation and general anaesthesia<\/a><\/li><li id=\"menu-item-2376\" class=\"menu-item menu-item-type-post_type menu-item-object-page menu-item-2376\"><a href=\"https:\/\/www.clinicalopezgimenez.com\/en\/patients-with-previous-pathologies-hypertension-diabetes-cardiopathies-psychic-or-physical-handicaps\/\">Patients with previous pathologies (hypertension, diabetes, cardiopathies, psychic or physical handicaps)<\/a><\/li><li id=\"menu-item-2377\" class=\"menu-item menu-item-type-post_type menu-item-object-page menu-item-2377\"><a href=\"https:\/\/www.clinicalopezgimenez.com\/en\/aesthetical-odontology\/\">Aesthetical odontology<\/a><\/li><li id=\"menu-item-2378\" class=\"menu-item menu-item-type-post_type menu-item-object-page menu-item-2378\"><a href=\"https:\/\/www.clinicalopezgimenez.com\/en\/whitening-in-a-single-session\/\">Whitening in a single session<\/a><\/li><\/ul><\/nav><\/div><div class=\"fusion-additional-widget-content\"><\/div><\/div><div class=\"fusion-clearfix\"><\/div><\/div><\/div><\/div><\/div><div class=\"fusion-bg-parallax\" data-bg-align=\"center center\" data-direction=\"left\" data-mute=\"false\" data-opacity=\"100\" data-velocity=\"-0.5\" data-mobile-enabled=\"false\" data-break_parents=\"0\" data-bg-image=\"http:\/\/www.clinicalopezgimenez.com\/wp-content\/uploads\/2015\/12\/make-an-appointment.jpg\" data-bg-repeat=\"false\" ><\/div><div class=\"fusion-fullwidth fullwidth-box fusion-builder-row-4 fusion-parallax-left nonhundred-percent-fullwidth non-hundred-percent-height-scrolling fusion-equal-height-columns\" style=\"--awb-border-radius-top-left:0px;--awb-border-radius-top-right:0px;--awb-border-radius-bottom-right:0px;--awb-border-radius-bottom-left:0px;--awb-padding-top:130px;--awb-padding-bottom:110px;--awb-background-image:url(&quot;http:\/\/www.clinicalopezgimenez.com\/wp-content\/uploads\/2015\/12\/make-an-appointment.jpg&quot;);--awb-background-size:cover;--awb-border-sizes-top:0px;--awb-border-sizes-bottom:0px;--awb-flex-wrap:wrap;\" ><div class=\"fusion-builder-row fusion-row\"><div class=\"fusion-layout-column fusion_builder_column fusion-builder-column-4 fusion_builder_column_3_5 3_5 fusion-three-fifth fusion-column-first\" style=\"--awb-bg-size:cover;width:58.4%; margin-right: 4%;\"><div class=\"fusion-column-wrapper fusion-flex-column-wrapper-legacy\"><div class=\"fusion-text fusion-text-6\"><h2 style=\"text-align: left; color: #fff;\">Do you want to make an appointment?<\/h2>\n<\/div><div class=\"fusion-text fusion-text-7\"><h3 style=\"color: #fcfcfc; text-align: left;\">Request an appointment with a specialist is very simple. Tell us what date and time you want us to see you, and we will respond as soon as we can.<\/h3>\n<\/div><div class=\"fusion-clearfix\"><\/div><\/div><\/div><div class=\"fusion-layout-column fusion_builder_column fusion-builder-column-5 fusion_builder_column_2_5 2_5 fusion-two-fifth fusion-column-last\" style=\"--awb-bg-size:cover;width:37.6%;\"><div class=\"fusion-column-wrapper fusion-flex-column-wrapper-legacy\"><div class=\"fusion-column-content-centered\"><div class=\"fusion-column-content\"><div class=\"fusion-align-block\"><a class=\"fusion-button button-flat button-xlarge button-default fusion-button-default button-1 fusion-button-default-span fusion-button-default-type\" style=\"width:calc(100%);\" target=\"_self\" href=\"http:\/\/www.clinicalopezgimenez.com\/en\/request-appointment\/\"><span class=\"fusion-button-text awb-button__text awb-button__text--default\">REQUEST YOUR APPOINTMENT<\/span><\/a><\/div><\/div><\/div><div class=\"fusion-clearfix\"><\/div><\/div><\/div><\/div><\/div><\/p>\n","protected":false},"excerpt":{"rendered":"","protected":false},"author":1,"featured_media":0,"parent":0,"menu_order":310,"comment_status":"closed","ping_status":"closed","template":"100-width.php","meta":{"footnotes":""},"class_list":["post-2310","page","type-page","status-publish","hentry"],"yoast_head":"<!-- This site is optimized with the Yoast SEO plugin v26.2 - https:\/\/yoast.com\/wordpress\/plugins\/seo\/ -->\n<title>Dental radiology - Cl\u00ednica L\u00f3pez Gim\u00e9nez<\/title>\n<meta name=\"description\" content=\"Dental radiology\" \/>\n<meta name=\"robots\" content=\"index, follow, max-snippet:-1, max-image-preview:large, max-video-preview:-1\" \/>\n<link rel=\"canonical\" href=\"https:\/\/www.clinicalopezgimenez.com\/en\/dental-radiology\/\" \/>\n<meta property=\"og:locale\" content=\"en_US\" \/>\n<meta property=\"og:type\" content=\"article\" \/>\n<meta property=\"og:title\" content=\"Dental radiology - Cl\u00ednica L\u00f3pez Gim\u00e9nez\" \/>\n<meta property=\"og:description\" content=\"Dental radiology\" \/>\n<meta property=\"og:url\" content=\"https:\/\/www.clinicalopezgimenez.com\/en\/dental-radiology\/\" \/>\n<meta property=\"og:site_name\" content=\"Cl\u00ednica L\u00f3pez Gim\u00e9nez\" \/>\n<meta property=\"article:publisher\" content=\"https:\/\/www.facebook.com\/clinicalopezgimenez\/\" \/>\n<meta property=\"article:modified_time\" content=\"2017-03-22T15:02:03+00:00\" \/>\n<meta property=\"og:image\" content=\"http:\/\/www.clinicalopezgimenez.com\/wp-content\/uploads\/2017\/01\/radiologia-dental-3d.jpg\" \/>\n<meta name=\"twitter:card\" content=\"summary_large_image\" \/>\n<meta name=\"twitter:site\" content=\"@CLopezGimenez\" \/>\n<meta name=\"twitter:label1\" content=\"Est. reading time\" \/>\n\t<meta name=\"twitter:data1\" content=\"5 minutes\" \/>\n<script type=\"application\/ld+json\" class=\"yoast-schema-graph\">{\"@context\":\"https:\/\/schema.org\",\"@graph\":[{\"@type\":\"WebPage\",\"@id\":\"https:\/\/www.clinicalopezgimenez.com\/en\/dental-radiology\/\",\"url\":\"https:\/\/www.clinicalopezgimenez.com\/en\/dental-radiology\/\",\"name\":\"Dental radiology - Cl\u00ednica L\u00f3pez Gim\u00e9nez\",\"isPartOf\":{\"@id\":\"https:\/\/www.clinicalopezgimenez.com\/#website\"},\"primaryImageOfPage\":{\"@id\":\"https:\/\/www.clinicalopezgimenez.com\/en\/dental-radiology\/#primaryimage\"},\"image\":{\"@id\":\"https:\/\/www.clinicalopezgimenez.com\/en\/dental-radiology\/#primaryimage\"},\"thumbnailUrl\":\"http:\/\/www.clinicalopezgimenez.com\/wp-content\/uploads\/2017\/01\/radiologia-dental-3d.jpg\",\"datePublished\":\"2017-01-15T16:33:55+00:00\",\"dateModified\":\"2017-03-22T15:02:03+00:00\",\"description\":\"Dental radiology\",\"breadcrumb\":{\"@id\":\"https:\/\/www.clinicalopezgimenez.com\/en\/dental-radiology\/#breadcrumb\"},\"inLanguage\":\"en-US\",\"potentialAction\":[{\"@type\":\"ReadAction\",\"target\":[\"https:\/\/www.clinicalopezgimenez.com\/en\/dental-radiology\/\"]}]},{\"@type\":\"ImageObject\",\"inLanguage\":\"en-US\",\"@id\":\"https:\/\/www.clinicalopezgimenez.com\/en\/dental-radiology\/#primaryimage\",\"url\":\"http:\/\/www.clinicalopezgimenez.com\/wp-content\/uploads\/2017\/01\/radiologia-dental-3d.jpg\",\"contentUrl\":\"http:\/\/www.clinicalopezgimenez.com\/wp-content\/uploads\/2017\/01\/radiologia-dental-3d.jpg\"},{\"@type\":\"BreadcrumbList\",\"@id\":\"https:\/\/www.clinicalopezgimenez.com\/en\/dental-radiology\/#breadcrumb\",\"itemListElement\":[{\"@type\":\"ListItem\",\"position\":1,\"name\":\"Portada\",\"item\":\"https:\/\/www.clinicalopezgimenez.com\/en\/\"},{\"@type\":\"ListItem\",\"position\":2,\"name\":\"Dental radiology\"}]},{\"@type\":\"WebSite\",\"@id\":\"https:\/\/www.clinicalopezgimenez.com\/#website\",\"url\":\"https:\/\/www.clinicalopezgimenez.com\/\",\"name\":\"Cl\u00ednica L\u00f3pez Gim\u00e9nez\",\"description\":\"Expertos en sonrisas\",\"publisher\":{\"@id\":\"https:\/\/www.clinicalopezgimenez.com\/#organization\"},\"potentialAction\":[{\"@type\":\"SearchAction\",\"target\":{\"@type\":\"EntryPoint\",\"urlTemplate\":\"https:\/\/www.clinicalopezgimenez.com\/?s={search_term_string}\"},\"query-input\":{\"@type\":\"PropertyValueSpecification\",\"valueRequired\":true,\"valueName\":\"search_term_string\"}}],\"inLanguage\":\"en-US\"},{\"@type\":\"Organization\",\"@id\":\"https:\/\/www.clinicalopezgimenez.com\/#organization\",\"name\":\"Cl\u00ednica L\u00f3pez Gim\u00e9nez\",\"url\":\"https:\/\/www.clinicalopezgimenez.com\/\",\"logo\":{\"@type\":\"ImageObject\",\"inLanguage\":\"en-US\",\"@id\":\"https:\/\/www.clinicalopezgimenez.com\/#\/schema\/logo\/image\/\",\"url\":\"http:\/\/www.clinicalopezgimenez.com\/wp-content\/uploads\/2016\/11\/Logo_CLG_n_v3.png\",\"contentUrl\":\"http:\/\/www.clinicalopezgimenez.com\/wp-content\/uploads\/2016\/11\/Logo_CLG_n_v3.png\",\"width\":283,\"height\":60,\"caption\":\"Cl\u00ednica L\u00f3pez Gim\u00e9nez\"},\"image\":{\"@id\":\"https:\/\/www.clinicalopezgimenez.com\/#\/schema\/logo\/image\/\"},\"sameAs\":[\"https:\/\/www.facebook.com\/clinicalopezgimenez\/\",\"https:\/\/x.com\/CLopezGimenez\",\"https:\/\/www.instagram.com\/clinicalopezgimenez\",\"https:\/\/www.youtube.com\/channel\/UCzePSFZoaBWaiQ-nRYL2S1g\"]}]}<\/script>\n<!-- \/ Yoast SEO plugin. -->","yoast_head_json":{"title":"Dental radiology - Cl\u00ednica L\u00f3pez Gim\u00e9nez","description":"Dental radiology","robots":{"index":"index","follow":"follow","max-snippet":"max-snippet:-1","max-image-preview":"max-image-preview:large","max-video-preview":"max-video-preview:-1"},"canonical":"https:\/\/www.clinicalopezgimenez.com\/en\/dental-radiology\/","og_locale":"en_US","og_type":"article","og_title":"Dental radiology - Cl\u00ednica L\u00f3pez Gim\u00e9nez","og_description":"Dental radiology","og_url":"https:\/\/www.clinicalopezgimenez.com\/en\/dental-radiology\/","og_site_name":"Cl\u00ednica L\u00f3pez Gim\u00e9nez","article_publisher":"https:\/\/www.facebook.com\/clinicalopezgimenez\/","article_modified_time":"2017-03-22T15:02:03+00:00","og_image":[{"url":"http:\/\/www.clinicalopezgimenez.com\/wp-content\/uploads\/2017\/01\/radiologia-dental-3d.jpg","type":"","width":"","height":""}],"twitter_card":"summary_large_image","twitter_site":"@CLopezGimenez","twitter_misc":{"Est. reading time":"5 minutes"},"schema":{"@context":"https:\/\/schema.org","@graph":[{"@type":"WebPage","@id":"https:\/\/www.clinicalopezgimenez.com\/en\/dental-radiology\/","url":"https:\/\/www.clinicalopezgimenez.com\/en\/dental-radiology\/","name":"Dental radiology - Cl\u00ednica L\u00f3pez Gim\u00e9nez","isPartOf":{"@id":"https:\/\/www.clinicalopezgimenez.com\/#website"},"primaryImageOfPage":{"@id":"https:\/\/www.clinicalopezgimenez.com\/en\/dental-radiology\/#primaryimage"},"image":{"@id":"https:\/\/www.clinicalopezgimenez.com\/en\/dental-radiology\/#primaryimage"},"thumbnailUrl":"http:\/\/www.clinicalopezgimenez.com\/wp-content\/uploads\/2017\/01\/radiologia-dental-3d.jpg","datePublished":"2017-01-15T16:33:55+00:00","dateModified":"2017-03-22T15:02:03+00:00","description":"Dental radiology","breadcrumb":{"@id":"https:\/\/www.clinicalopezgimenez.com\/en\/dental-radiology\/#breadcrumb"},"inLanguage":"en-US","potentialAction":[{"@type":"ReadAction","target":["https:\/\/www.clinicalopezgimenez.com\/en\/dental-radiology\/"]}]},{"@type":"ImageObject","inLanguage":"en-US","@id":"https:\/\/www.clinicalopezgimenez.com\/en\/dental-radiology\/#primaryimage","url":"http:\/\/www.clinicalopezgimenez.com\/wp-content\/uploads\/2017\/01\/radiologia-dental-3d.jpg","contentUrl":"http:\/\/www.clinicalopezgimenez.com\/wp-content\/uploads\/2017\/01\/radiologia-dental-3d.jpg"},{"@type":"BreadcrumbList","@id":"https:\/\/www.clinicalopezgimenez.com\/en\/dental-radiology\/#breadcrumb","itemListElement":[{"@type":"ListItem","position":1,"name":"Portada","item":"https:\/\/www.clinicalopezgimenez.com\/en\/"},{"@type":"ListItem","position":2,"name":"Dental radiology"}]},{"@type":"WebSite","@id":"https:\/\/www.clinicalopezgimenez.com\/#website","url":"https:\/\/www.clinicalopezgimenez.com\/","name":"Cl\u00ednica L\u00f3pez Gim\u00e9nez","description":"Expertos en sonrisas","publisher":{"@id":"https:\/\/www.clinicalopezgimenez.com\/#organization"},"potentialAction":[{"@type":"SearchAction","target":{"@type":"EntryPoint","urlTemplate":"https:\/\/www.clinicalopezgimenez.com\/?s={search_term_string}"},"query-input":{"@type":"PropertyValueSpecification","valueRequired":true,"valueName":"search_term_string"}}],"inLanguage":"en-US"},{"@type":"Organization","@id":"https:\/\/www.clinicalopezgimenez.com\/#organization","name":"Cl\u00ednica L\u00f3pez Gim\u00e9nez","url":"https:\/\/www.clinicalopezgimenez.com\/","logo":{"@type":"ImageObject","inLanguage":"en-US","@id":"https:\/\/www.clinicalopezgimenez.com\/#\/schema\/logo\/image\/","url":"http:\/\/www.clinicalopezgimenez.com\/wp-content\/uploads\/2016\/11\/Logo_CLG_n_v3.png","contentUrl":"http:\/\/www.clinicalopezgimenez.com\/wp-content\/uploads\/2016\/11\/Logo_CLG_n_v3.png","width":283,"height":60,"caption":"Cl\u00ednica L\u00f3pez Gim\u00e9nez"},"image":{"@id":"https:\/\/www.clinicalopezgimenez.com\/#\/schema\/logo\/image\/"},"sameAs":["https:\/\/www.facebook.com\/clinicalopezgimenez\/","https:\/\/x.com\/CLopezGimenez","https:\/\/www.instagram.com\/clinicalopezgimenez","https:\/\/www.youtube.com\/channel\/UCzePSFZoaBWaiQ-nRYL2S1g"]}]}},"_links":{"self":[{"href":"https:\/\/www.clinicalopezgimenez.com\/en\/wp-json\/wp\/v2\/pages\/2310","targetHints":{"allow":["GET"]}}],"collection":[{"href":"https:\/\/www.clinicalopezgimenez.com\/en\/wp-json\/wp\/v2\/pages"}],"about":[{"href":"https:\/\/www.clinicalopezgimenez.com\/en\/wp-json\/wp\/v2\/types\/page"}],"author":[{"embeddable":true,"href":"https:\/\/www.clinicalopezgimenez.com\/en\/wp-json\/wp\/v2\/users\/1"}],"replies":[{"embeddable":true,"href":"https:\/\/www.clinicalopezgimenez.com\/en\/wp-json\/wp\/v2\/comments?post=2310"}],"version-history":[{"count":1,"href":"https:\/\/www.clinicalopezgimenez.com\/en\/wp-json\/wp\/v2\/pages\/2310\/revisions"}],"predecessor-version":[{"id":2311,"href":"https:\/\/www.clinicalopezgimenez.com\/en\/wp-json\/wp\/v2\/pages\/2310\/revisions\/2311"}],"wp:attachment":[{"href":"https:\/\/www.clinicalopezgimenez.com\/en\/wp-json\/wp\/v2\/media?parent=2310"}],"curies":[{"name":"wp","href":"https:\/\/api.w.org\/{rel}","templated":true}]}}