{"id":2255,"date":"2017-01-13T16:26:00","date_gmt":"2017-01-13T15:26:00","guid":{"rendered":"http:\/\/www.clinicalopezgimenez.com\/?page_id=2255\/"},"modified":"2025-10-26T12:48:02","modified_gmt":"2025-10-26T11:48:02","slug":"request-appointment","status":"publish","type":"page","link":"https:\/\/www.clinicalopezgimenez.com\/en\/request-appointment\/","title":{"rendered":"Request appointment"},"content":{"rendered":"<p><div class=\"fusion-fullwidth fullwidth-box fusion-builder-row-1 fusion-parallax-none nonhundred-percent-fullwidth non-hundred-percent-height-scrolling\" style=\"--awb-background-position:center bottom;--awb-border-sizes-top:0px;--awb-border-sizes-bottom:0px;--awb-border-sizes-left:0px;--awb-border-sizes-right:0px;--awb-border-radius-top-left:0px;--awb-border-radius-top-right:0px;--awb-border-radius-bottom-right:0px;--awb-border-radius-bottom-left:0px;--awb-padding-top:10%;--awb-padding-right:5%;--awb-padding-bottom:5%;--awb-padding-left:5%;--awb-background-image:url(&quot;http:\/\/www.clinicalopezgimenez.com\/wp-content\/uploads\/2017\/01\/cita-online.jpg&quot;);--awb-background-size:cover;--awb-flex-wrap:wrap;\" ><div class=\"fusion-builder-row fusion-row\"><div class=\"fusion-layout-column fusion_builder_column fusion-builder-column-0 fusion_builder_column_1_1 1_1 fusion-one-full fusion-column-first fusion-column-last\" style=\"--awb-bg-size:cover;--awb-margin-top:25px;--awb-margin-bottom:10px;\"><div class=\"fusion-column-wrapper fusion-flex-column-wrapper-legacy\"><div class=\"fusion-sep-clear\"><\/div><div class=\"fusion-separator fusion-full-width-sep\" style=\"margin-left: auto;margin-right: auto;margin-top:5px;margin-bottom:5px;width:100%;\"><\/div><div class=\"fusion-sep-clear\"><\/div><div class=\"fusion-text fusion-text-1\"><h1><span style=\"color: #ffffff;\">Request your Appointment<\/span> <span style=\"color: #a4b7d7;\">Online<\/span><\/h1>\n<p style=\"font-size: 26px; line-height: 36px;\"><span style=\"color: #ffffff;\">Complete this simple form to request an appointment with a specialist.<br \/>\nPlease tell us what date and time you want us to see you, and we will respond as soon as we can. Thank you for choosing us.<\/span><\/p>\n<\/div><div class=\"fusion-sep-clear\"><\/div><div class=\"fusion-separator fusion-full-width-sep\" style=\"margin-left: auto;margin-right: auto;margin-top:5px;margin-bottom:0px;width:100%;\"><\/div><div class=\"fusion-sep-clear\"><\/div><div class=\"fusion-clearfix\"><\/div><\/div><\/div><\/div><\/div><div id=\"contact\" class=\"fusion-container-anchor\"><div class=\"fusion-fullwidth fullwidth-box fusion-builder-row-2 hundred-percent-fullwidth non-hundred-percent-height-scrolling fusion-equal-height-columns\" style=\"--awb-background-position:left top;--awb-border-sizes-top:0px;--awb-border-sizes-bottom:0px;--awb-border-sizes-left:0px;--awb-border-sizes-right:0px;--awb-border-radius-top-left:0px;--awb-border-radius-top-right:0px;--awb-border-radius-bottom-right:0px;--awb-border-radius-bottom-left:0px;--awb-padding-top:0px;--awb-padding-right:0px;--awb-padding-bottom:0px;--awb-padding-left:0px;--awb-flex-wrap:wrap;\" ><div class=\"fusion-builder-row fusion-row\"><div class=\"fusion-layout-column fusion_builder_column fusion-builder-column-1 fusion_builder_column_3_5 3_5 fusion-three-fifth fusion-column-first\" style=\"--awb-padding-top:50px;--awb-padding-right:1%;--awb-padding-bottom:100px;--awb-padding-left:10%;--awb-bg-size:cover;--awb-margin-bottom:0px;width:58.4%; margin-right: 4%;\"><div class=\"fusion-column-wrapper fusion-flex-column-wrapper-legacy\"><div class=\"fusion-text fusion-text-2\"><h4>Please, complete this form to request an appointment with us. Our visiting hours are from 9 in the morning to 8 in the evening from Monday to Thursday (and until 7 on Friday). If you have an emergency, you will always find a specialist.<\/h4>\n<\/div><div class=\"fusion-sep-clear\"><\/div><div class=\"fusion-separator fusion-full-width-sep\" style=\"margin-left: auto;margin-right: auto;margin-top:10px;width:100%;\"><\/div><div class=\"fusion-sep-clear\"><\/div><div class=\"fusion-text fusion-text-3\"><h2 style=\"font-weight: 400;\"><span style=\"color: #00609d;\">Request your Appointment Online<\/span><\/h2>\n<\/div>\n<div class=\"wpcf7 no-js\" id=\"wpcf7-f2242-o1\" lang=\"es-ES\" dir=\"ltr\" data-wpcf7-id=\"2242\">\n<div class=\"screen-reader-response\"><p role=\"status\" aria-live=\"polite\" aria-atomic=\"true\"><\/p> <ul><\/ul><\/div>\n<form action=\"\/en\/wp-json\/wp\/v2\/pages\/2255#wpcf7-f2242-o1\" method=\"post\" class=\"wpcf7-form init\" aria-label=\"Formulario de contacto\" novalidate=\"novalidate\" data-status=\"init\">\n<fieldset class=\"hidden-fields-container\"><input type=\"hidden\" name=\"_wpcf7\" value=\"2242\" \/><input type=\"hidden\" name=\"_wpcf7_version\" value=\"6.1.2\" \/><input type=\"hidden\" name=\"_wpcf7_locale\" value=\"es_ES\" \/><input type=\"hidden\" name=\"_wpcf7_unit_tag\" value=\"wpcf7-f2242-o1\" \/><input type=\"hidden\" name=\"_wpcf7_container_post\" value=\"0\" \/><input type=\"hidden\" name=\"_wpcf7_posted_data_hash\" value=\"\" \/><input type=\"hidden\" name=\"_wpcf7_recaptcha_response\" value=\"\" \/>\n<\/fieldset>\n<div style=\"width:48%; float:left;\">\n\t<p><label>Name<br \/>\n<span class=\"wpcf7-form-control-wrap\" data-name=\"your-name\"><input size=\"40\" maxlength=\"400\" class=\"wpcf7-form-control wpcf7-text wpcf7-validates-as-required\" aria-required=\"true\" aria-invalid=\"false\" placeholder=\"Name and surname (required)\" value=\"\" type=\"text\" name=\"your-name\" \/><\/span><\/label>\n\t<\/p>\n\t<p><label>Phone number<br \/>\n<span class=\"wpcf7-form-control-wrap\" data-name=\"phone-number\"><input size=\"40\" maxlength=\"400\" class=\"wpcf7-form-control wpcf7-text wpcf7-validates-as-required\" aria-required=\"true\" aria-invalid=\"false\" placeholder=\"Phone number (required)\" value=\"\" type=\"text\" name=\"phone-number\" \/><\/span><\/label>\n\t<\/p>\n\t<p><label>Date of appointment<br \/>\n<span class=\"wpcf7-form-control-wrap\" data-name=\"date-411\"><input class=\"wpcf7-form-control wpcf7-date wpcf7-validates-as-date\" aria-invalid=\"false\" value=\"\" type=\"date\" name=\"date-411\" \/><\/span><\/label>\n\t<\/p>\n<\/div>\n<div style=\"width:4%; float:left;\">\n\t<p>&nbsp;\n\t<\/p>\n<\/div>\n<div style=\"width:48%; float:left;\">\n\t<p><label>E-mail<br \/>\n<span class=\"wpcf7-form-control-wrap\" data-name=\"email\"><input size=\"40\" maxlength=\"400\" class=\"wpcf7-form-control wpcf7-email wpcf7-validates-as-required wpcf7-text wpcf7-validates-as-email\" aria-required=\"true\" aria-invalid=\"false\" placeholder=\"e-mail (required)\" value=\"\" type=\"email\" name=\"email\" \/><\/span><\/label>\n\t<\/p>\n\t<p><label>Subject<br \/>\n<span class=\"wpcf7-form-control-wrap\" data-name=\"your-subject\"><input size=\"40\" maxlength=\"400\" class=\"wpcf7-form-control wpcf7-text\" aria-invalid=\"false\" placeholder=\"Why do you want to make an appointment?\" value=\"\" type=\"text\" name=\"your-subject\" \/><\/span><\/label>\n\t<\/p>\n\t<p><label>Time<br \/>\n<span class=\"wpcf7-form-control-wrap\" data-name=\"menu-972\"><select class=\"wpcf7-form-control wpcf7-select\" aria-invalid=\"false\" name=\"menu-972\"><option value=\"09:00\">09:00<\/option><option value=\"09:30\">09:30<\/option><option value=\"10:00\">10:00<\/option><option value=\"10:30\">10:30<\/option><option value=\"11:00\">11:00<\/option><option value=\"11:30\">11:30<\/option><option value=\"12:00\">12:00<\/option><option value=\"12:30\">12:30<\/option><option value=\"13:00\">13:00<\/option><option value=\"13:30\">13:30<\/option><option value=\"14:00\">14:00<\/option><option value=\"14:30\">14:30<\/option><option value=\"15:00\">15:00<\/option><option value=\"15:30\">15:30<\/option><option value=\"16:00\">16:00<\/option><option value=\"16:30\">16:30<\/option><option value=\"17:00\">17:00<\/option><option value=\"17:30\">17:30<\/option><option value=\"18:00\">18:00<\/option><option value=\"18:30\">18:30<\/option><option value=\"19:00\">19:00<\/option><option value=\"19:30\">19:30<\/option><option value=\"20:00\">20:00<\/option><\/select><\/span><\/label>\n\t<\/p>\n<\/div>\n<p>Dental clinic\n<\/p>\n<p><span class=\"wpcf7-form-control-wrap\" data-name=\"menu-978\"><select class=\"wpcf7-form-control wpcf7-select\" aria-invalid=\"false\" name=\"menu-978\"><option value=\"Indifferent\">Indifferent<\/option><option value=\"Consulta de Consell de Cent, 284 (BARCELONA)\">Consulta de Consell de Cent, 284 (BARCELONA)<\/option><option value=\"Consulta de Consell de Cent, 282 (BARCELONA)\">Consulta de Consell de Cent, 282 (BARCELONA)<\/option><option value=\"Consulta de Diputaci\u00f3, 256 (BARCELONA)\">Consulta de Diputaci\u00f3, 256 (BARCELONA)<\/option><option value=\"Consulta de La Pau, 25 (CORBERA DE LLOBREGAT)\">Consulta de La Pau, 25 (CORBERA DE LLOBREGAT)<\/option><\/select><\/span>\n<\/p>\n<p style=\"margin-bottom: 25px;\">Comments\n<\/p>\n<p><span class=\"wpcf7-form-control-wrap\" data-name=\"your-message\"><textarea cols=\"40\" rows=\"10\" maxlength=\"2000\" class=\"wpcf7-form-control wpcf7-textarea\" aria-invalid=\"false\" placeholder=\"Your comments\" name=\"your-message\"><\/textarea><\/span>\n<\/p>\n<p><span class=\"wpcf7-form-control-wrap\" data-name=\"checkbox-327\"><span class=\"wpcf7-form-control wpcf7-checkbox wpcf7-validates-as-required wpcf7-exclusive-checkbox\"><span class=\"wpcf7-list-item first last\"><input type=\"checkbox\" name=\"checkbox-327\" value=\"Yes\" \/><span class=\"wpcf7-list-item-label\">Yes<\/span><\/span><\/span><\/span>, I have read and accept the <a href=\"http:\/\/www.clinicalopezgimenez.com\/en\/legal-terms\/\" target=\"_blank\"><strong>privacy policy<\/strong><\/a>.\n<\/p>\n<p>&nbsp;\n<\/p>\n<p><input class=\"wpcf7-form-control wpcf7-submit has-spinner\" type=\"submit\" value=\"Request online appointment\" \/>\n<\/p><p style=\"display: none !important;\" class=\"akismet-fields-container\" data-prefix=\"_wpcf7_ak_\"><label>&#916;<textarea name=\"_wpcf7_ak_hp_textarea\" cols=\"45\" rows=\"8\" maxlength=\"100\"><\/textarea><\/label><input type=\"hidden\" id=\"ak_js_1\" name=\"_wpcf7_ak_js\" value=\"33\"\/><script>document.getElementById( \"ak_js_1\" ).setAttribute( \"value\", ( new Date() ).getTime() );<\/script><\/p><div class=\"fusion-alert alert custom alert-custom fusion-alert-center wpcf7-response-output fusion-alert-capitalize awb-alert-native-link-color alert-dismissable awb-alert-close-boxed\" style=\"--awb-border-top-left-radius:0px;--awb-border-top-right-radius:0px;--awb-border-bottom-left-radius:0px;--awb-border-bottom-right-radius:0px;\" role=\"alert\"><div class=\"fusion-alert-content-wrapper\"><span class=\"fusion-alert-content\"><\/span><\/div><button type=\"button\" class=\"close toggle-alert\" data-dismiss=\"alert\" aria-label=\"Close\">&times;<\/button><\/div>\n<\/form>\n<\/div>\n<div class=\"fusion-clearfix\"><\/div><\/div><\/div><div class=\"fusion-layout-column fusion_builder_column fusion-builder-column-2 fusion_builder_column_2_5 2_5 fusion-two-fifth fusion-column-last\" style=\"--awb-padding-top:50px;--awb-padding-right:10%;--awb-padding-bottom:100px;--awb-padding-left:10%;--awb-bg-color:#f5f5f5;--awb-bg-color-hover:#f5f5f5;--awb-bg-size:cover;--awb-margin-bottom:0px;width:37.6%;\"><div class=\"fusion-column-wrapper fusion-flex-column-wrapper-legacy\"><div class=\"fusion-text fusion-text-4\"><h4>OUR MEDICAL CLINICS<\/h4>\n<\/div><div class=\"fusion-sep-clear\"><\/div><div class=\"fusion-separator fusion-clearfix\" style=\"float:left;margin-top:0px;margin-bottom:30px;width:100%;max-width:40px;\"><div class=\"fusion-separator-border sep-single sep-solid\" style=\"--awb-height:20px;--awb-amount:20px;--awb-sep-color:#00609d;border-color:#00609d;border-top-width:2px;\"><\/div><\/div><div class=\"fusion-sep-clear\"><\/div><ul style=\"--awb-size:17px;--awb-line-height:28.9px;--awb-icon-width:28.9px;--awb-icon-height:28.9px;--awb-icon-margin:11.9px;--awb-content-margin:40.8px;--awb-circlecolor:#333333;--awb-circle-yes-font-size:14.96px;\" class=\"fusion-checklist fusion-checklist-1 fusion-checklist-default type-icons\"><li class=\"fusion-li-item\" style=\"\"><span class=\"icon-wrapper circle-yes\"><i class=\"fusion-li-icon fa fa-phone\" aria-hidden=\"true\"><\/i><\/span><div class=\"fusion-li-item-content\">93 487 77 04<\/div><\/li><li class=\"fusion-li-item\" style=\"\"><span class=\"icon-wrapper circle-yes\"><i class=\"fusion-li-icon fa fa-envelope-o\" aria-hidden=\"true\"><\/i><\/span><div class=\"fusion-li-item-content\"><a href=\"mailto:info@clinicalopezgimenez.com?body=%0D%0A%0D%0A%0D%0AIn compliance with the provisions of Law 15\/1999 of 13 December on Protection of Personal Data, we inform you that your personal data will be processed and will be included in the files of the Dental Clinic to provide them dentistry and stomatology services requested.%0D%0A%0D%0AIn that sense, you expressly consent to their data being processed by the Dental Clinic to fulfill the purpose stated above.%0D%0A%0D%0AAlso, please note that you can exercise rights of access, rectification, cancellation and opposition by writing to Dr. Lopez or Dr. Gim\u00e9nez the direction of the query.\">info@clinicalopezgimenez.com<\/a><\/div><\/li><li class=\"fusion-li-item\" style=\"\"><span class=\"icon-wrapper circle-yes\"><i class=\"fusion-li-icon fa-map-marker-alt fas\" aria-hidden=\"true\"><\/i><\/span><div class=\"fusion-li-item-content\"><u>BARCELONA<\/u><br \/>\n1. Consell de Cent, 284 entlo.<br \/>\n2. Consell de Cent, 282<br \/>\n3. Diputaci\u00f3, 256 (Pg. de Gr\u00e0cia, 19), 2\u00ba 1\u00aa<\/p>\n<p><u>CORBERA DE LLOBREGAT<\/u><br \/>\n4. La Pau, 25<\/div><\/li><\/ul><div class=\"fusion-sep-clear\"><\/div><div class=\"fusion-separator fusion-full-width-sep\" style=\"margin-left: auto;margin-right: auto;margin-top:50px;width:100%;\"><\/div><div class=\"fusion-sep-clear\"><\/div><div class=\"fusion-text fusion-text-5\"><h4>OPENING HOURS<\/h4>\n<\/div><div class=\"fusion-sep-clear\"><\/div><div class=\"fusion-separator fusion-clearfix\" style=\"float:left;margin-top:0px;margin-bottom:30px;width:100%;max-width:40px;\"><div class=\"fusion-separator-border sep-single sep-solid\" style=\"--awb-height:20px;--awb-amount:20px;--awb-sep-color:#00609d;border-color:#00609d;border-top-width:2px;\"><\/div><\/div><div class=\"fusion-sep-clear\"><\/div><div class=\"fusion-text fusion-text-6\"><div class=\"table-2\">\n<table width=\"100%\">\n<tbody>\n<tr>\n<td style=\"text-align: left;\">Monday &#8211; Thursday<\/td>\n<td style=\"text-align: right;\">9:00 &#8211; 20:00<\/td>\n<\/tr>\n<\/tbody>\n<\/table>\n<\/div>\n<\/div><div class=\"fusion-sep-clear\"><\/div><div class=\"fusion-separator fusion-full-width-sep\" style=\"margin-left: auto;margin-right: auto;width:100%;\"><\/div><div class=\"fusion-sep-clear\"><\/div><div class=\"fusion-text fusion-text-7\"><div class=\"table-2\">\n<table width=\"100%\">\n<tbody>\n<tr>\n<td style=\"text-align: left;\">Friday<\/td>\n<td style=\"text-align: right;\">9:00 &#8211; 19:00<\/td>\n<\/tr>\n<\/tbody>\n<\/table>\n<\/div>\n<\/div><div class=\"fusion-sep-clear\"><\/div><div class=\"fusion-separator fusion-full-width-sep\" style=\"margin-left: auto;margin-right: auto;width:100%;\"><\/div><div class=\"fusion-sep-clear\"><\/div><div class=\"fusion-text fusion-text-8\" style=\"--awb-margin-top:30px;\"><p><a href=\"https:\/\/www.clinicalopezgimenez.com\/en\/contact-us\/#corbera\"><em>(See Corbera Clinic Opening Hours)<\/em><\/a><\/p>\n<\/div><div class=\"fusion-clearfix\"><\/div><\/div><\/div><\/div><\/div><\/div><\/p>\n","protected":false},"excerpt":{"rendered":"","protected":false},"author":1,"featured_media":0,"parent":0,"menu_order":7,"comment_status":"closed","ping_status":"closed","template":"100-width.php","meta":{"footnotes":""},"class_list":["post-2255","page","type-page","status-publish","hentry"],"yoast_head":"<!-- This site is optimized with the Yoast SEO plugin v26.2 - https:\/\/yoast.com\/wordpress\/plugins\/seo\/ -->\n<title>Request appointment - Cl\u00ednica L\u00f3pez Gim\u00e9nez<\/title>\n<meta name=\"description\" content=\"Request appointment\" \/>\n<meta name=\"robots\" content=\"index, follow, max-snippet:-1, max-image-preview:large, max-video-preview:-1\" \/>\n<link rel=\"canonical\" href=\"https:\/\/www.clinicalopezgimenez.com\/en\/request-appointment\/\" \/>\n<meta property=\"og:locale\" content=\"en_US\" \/>\n<meta property=\"og:type\" content=\"article\" \/>\n<meta property=\"og:title\" content=\"Request appointment - Cl\u00ednica L\u00f3pez Gim\u00e9nez\" \/>\n<meta property=\"og:description\" content=\"Request appointment\" \/>\n<meta property=\"og:url\" content=\"https:\/\/www.clinicalopezgimenez.com\/en\/request-appointment\/\" \/>\n<meta property=\"og:site_name\" content=\"Cl\u00ednica L\u00f3pez Gim\u00e9nez\" \/>\n<meta property=\"article:publisher\" content=\"https:\/\/www.facebook.com\/clinicalopezgimenez\/\" \/>\n<meta property=\"article:modified_time\" content=\"2025-10-26T11:48:02+00:00\" \/>\n<meta name=\"twitter:card\" content=\"summary_large_image\" \/>\n<meta name=\"twitter:site\" content=\"@CLopezGimenez\" \/>\n<meta name=\"twitter:label1\" content=\"Est. reading time\" \/>\n\t<meta name=\"twitter:data1\" content=\"1 minute\" \/>\n<script type=\"application\/ld+json\" class=\"yoast-schema-graph\">{\"@context\":\"https:\/\/schema.org\",\"@graph\":[{\"@type\":\"WebPage\",\"@id\":\"https:\/\/www.clinicalopezgimenez.com\/en\/request-appointment\/\",\"url\":\"https:\/\/www.clinicalopezgimenez.com\/en\/request-appointment\/\",\"name\":\"Request appointment - Cl\u00ednica L\u00f3pez Gim\u00e9nez\",\"isPartOf\":{\"@id\":\"https:\/\/www.clinicalopezgimenez.com\/#website\"},\"datePublished\":\"2017-01-13T15:26:00+00:00\",\"dateModified\":\"2025-10-26T11:48:02+00:00\",\"description\":\"Request appointment\",\"breadcrumb\":{\"@id\":\"https:\/\/www.clinicalopezgimenez.com\/en\/request-appointment\/#breadcrumb\"},\"inLanguage\":\"en-US\",\"potentialAction\":[{\"@type\":\"ReadAction\",\"target\":[\"https:\/\/www.clinicalopezgimenez.com\/en\/request-appointment\/\"]}]},{\"@type\":\"BreadcrumbList\",\"@id\":\"https:\/\/www.clinicalopezgimenez.com\/en\/request-appointment\/#breadcrumb\",\"itemListElement\":[{\"@type\":\"ListItem\",\"position\":1,\"name\":\"Portada\",\"item\":\"https:\/\/www.clinicalopezgimenez.com\/en\/\"},{\"@type\":\"ListItem\",\"position\":2,\"name\":\"Request appointment\"}]},{\"@type\":\"WebSite\",\"@id\":\"https:\/\/www.clinicalopezgimenez.com\/#website\",\"url\":\"https:\/\/www.clinicalopezgimenez.com\/\",\"name\":\"Cl\u00ednica L\u00f3pez Gim\u00e9nez\",\"description\":\"Expertos en sonrisas\",\"publisher\":{\"@id\":\"https:\/\/www.clinicalopezgimenez.com\/#organization\"},\"potentialAction\":[{\"@type\":\"SearchAction\",\"target\":{\"@type\":\"EntryPoint\",\"urlTemplate\":\"https:\/\/www.clinicalopezgimenez.com\/?s={search_term_string}\"},\"query-input\":{\"@type\":\"PropertyValueSpecification\",\"valueRequired\":true,\"valueName\":\"search_term_string\"}}],\"inLanguage\":\"en-US\"},{\"@type\":\"Organization\",\"@id\":\"https:\/\/www.clinicalopezgimenez.com\/#organization\",\"name\":\"Cl\u00ednica L\u00f3pez Gim\u00e9nez\",\"url\":\"https:\/\/www.clinicalopezgimenez.com\/\",\"logo\":{\"@type\":\"ImageObject\",\"inLanguage\":\"en-US\",\"@id\":\"https:\/\/www.clinicalopezgimenez.com\/#\/schema\/logo\/image\/\",\"url\":\"http:\/\/www.clinicalopezgimenez.com\/wp-content\/uploads\/2016\/11\/Logo_CLG_n_v3.png\",\"contentUrl\":\"http:\/\/www.clinicalopezgimenez.com\/wp-content\/uploads\/2016\/11\/Logo_CLG_n_v3.png\",\"width\":283,\"height\":60,\"caption\":\"Cl\u00ednica L\u00f3pez Gim\u00e9nez\"},\"image\":{\"@id\":\"https:\/\/www.clinicalopezgimenez.com\/#\/schema\/logo\/image\/\"},\"sameAs\":[\"https:\/\/www.facebook.com\/clinicalopezgimenez\/\",\"https:\/\/x.com\/CLopezGimenez\",\"https:\/\/www.instagram.com\/clinicalopezgimenez\",\"https:\/\/www.youtube.com\/channel\/UCzePSFZoaBWaiQ-nRYL2S1g\"]}]}<\/script>\n<!-- \/ Yoast SEO plugin. -->","yoast_head_json":{"title":"Request appointment - Cl\u00ednica L\u00f3pez Gim\u00e9nez","description":"Request appointment","robots":{"index":"index","follow":"follow","max-snippet":"max-snippet:-1","max-image-preview":"max-image-preview:large","max-video-preview":"max-video-preview:-1"},"canonical":"https:\/\/www.clinicalopezgimenez.com\/en\/request-appointment\/","og_locale":"en_US","og_type":"article","og_title":"Request appointment - Cl\u00ednica L\u00f3pez Gim\u00e9nez","og_description":"Request appointment","og_url":"https:\/\/www.clinicalopezgimenez.com\/en\/request-appointment\/","og_site_name":"Cl\u00ednica L\u00f3pez Gim\u00e9nez","article_publisher":"https:\/\/www.facebook.com\/clinicalopezgimenez\/","article_modified_time":"2025-10-26T11:48:02+00:00","twitter_card":"summary_large_image","twitter_site":"@CLopezGimenez","twitter_misc":{"Est. reading time":"1 minute"},"schema":{"@context":"https:\/\/schema.org","@graph":[{"@type":"WebPage","@id":"https:\/\/www.clinicalopezgimenez.com\/en\/request-appointment\/","url":"https:\/\/www.clinicalopezgimenez.com\/en\/request-appointment\/","name":"Request appointment - Cl\u00ednica L\u00f3pez Gim\u00e9nez","isPartOf":{"@id":"https:\/\/www.clinicalopezgimenez.com\/#website"},"datePublished":"2017-01-13T15:26:00+00:00","dateModified":"2025-10-26T11:48:02+00:00","description":"Request appointment","breadcrumb":{"@id":"https:\/\/www.clinicalopezgimenez.com\/en\/request-appointment\/#breadcrumb"},"inLanguage":"en-US","potentialAction":[{"@type":"ReadAction","target":["https:\/\/www.clinicalopezgimenez.com\/en\/request-appointment\/"]}]},{"@type":"BreadcrumbList","@id":"https:\/\/www.clinicalopezgimenez.com\/en\/request-appointment\/#breadcrumb","itemListElement":[{"@type":"ListItem","position":1,"name":"Portada","item":"https:\/\/www.clinicalopezgimenez.com\/en\/"},{"@type":"ListItem","position":2,"name":"Request appointment"}]},{"@type":"WebSite","@id":"https:\/\/www.clinicalopezgimenez.com\/#website","url":"https:\/\/www.clinicalopezgimenez.com\/","name":"Cl\u00ednica L\u00f3pez Gim\u00e9nez","description":"Expertos en sonrisas","publisher":{"@id":"https:\/\/www.clinicalopezgimenez.com\/#organization"},"potentialAction":[{"@type":"SearchAction","target":{"@type":"EntryPoint","urlTemplate":"https:\/\/www.clinicalopezgimenez.com\/?s={search_term_string}"},"query-input":{"@type":"PropertyValueSpecification","valueRequired":true,"valueName":"search_term_string"}}],"inLanguage":"en-US"},{"@type":"Organization","@id":"https:\/\/www.clinicalopezgimenez.com\/#organization","name":"Cl\u00ednica L\u00f3pez Gim\u00e9nez","url":"https:\/\/www.clinicalopezgimenez.com\/","logo":{"@type":"ImageObject","inLanguage":"en-US","@id":"https:\/\/www.clinicalopezgimenez.com\/#\/schema\/logo\/image\/","url":"http:\/\/www.clinicalopezgimenez.com\/wp-content\/uploads\/2016\/11\/Logo_CLG_n_v3.png","contentUrl":"http:\/\/www.clinicalopezgimenez.com\/wp-content\/uploads\/2016\/11\/Logo_CLG_n_v3.png","width":283,"height":60,"caption":"Cl\u00ednica L\u00f3pez Gim\u00e9nez"},"image":{"@id":"https:\/\/www.clinicalopezgimenez.com\/#\/schema\/logo\/image\/"},"sameAs":["https:\/\/www.facebook.com\/clinicalopezgimenez\/","https:\/\/x.com\/CLopezGimenez","https:\/\/www.instagram.com\/clinicalopezgimenez","https:\/\/www.youtube.com\/channel\/UCzePSFZoaBWaiQ-nRYL2S1g"]}]}},"_links":{"self":[{"href":"https:\/\/www.clinicalopezgimenez.com\/en\/wp-json\/wp\/v2\/pages\/2255","targetHints":{"allow":["GET"]}}],"collection":[{"href":"https:\/\/www.clinicalopezgimenez.com\/en\/wp-json\/wp\/v2\/pages"}],"about":[{"href":"https:\/\/www.clinicalopezgimenez.com\/en\/wp-json\/wp\/v2\/types\/page"}],"author":[{"embeddable":true,"href":"https:\/\/www.clinicalopezgimenez.com\/en\/wp-json\/wp\/v2\/users\/1"}],"replies":[{"embeddable":true,"href":"https:\/\/www.clinicalopezgimenez.com\/en\/wp-json\/wp\/v2\/comments?post=2255"}],"version-history":[{"count":8,"href":"https:\/\/www.clinicalopezgimenez.com\/en\/wp-json\/wp\/v2\/pages\/2255\/revisions"}],"predecessor-version":[{"id":16212,"href":"https:\/\/www.clinicalopezgimenez.com\/en\/wp-json\/wp\/v2\/pages\/2255\/revisions\/16212"}],"wp:attachment":[{"href":"https:\/\/www.clinicalopezgimenez.com\/en\/wp-json\/wp\/v2\/media?parent=2255"}],"curies":[{"name":"wp","href":"https:\/\/api.w.org\/{rel}","templated":true}]}}