{"id":7216,"date":"2020-08-14T19:19:34","date_gmt":"2020-08-14T17:19:34","guid":{"rendered":"http:\/\/www.clinicalopezgimenez.com\/?page_id=7216"},"modified":"2020-08-20T17:43:32","modified_gmt":"2020-08-20T15:43:32","slug":"normes-dus-xarxes-socials","status":"publish","type":"page","link":"https:\/\/www.clinicalopezgimenez.com\/ca\/normes-dus-xarxes-socials\/","title":{"rendered":"Normes d&#8217;\u00fas de les xarxes socials"},"content":{"rendered":"<p><div class=\"fusion-fullwidth fullwidth-box fusion-builder-row-1 fusion-parallax-none nonhundred-percent-fullwidth non-hundred-percent-height-scrolling\" style=\"--awb-background-position:center bottom;--awb-border-radius-top-left:0px;--awb-border-radius-top-right:0px;--awb-border-radius-bottom-right:0px;--awb-border-radius-bottom-left:0px;--awb-padding-top:10%;--awb-padding-right:0%;--awb-padding-bottom:5%;--awb-padding-left:5%;--awb-background-image:url(&quot;http:\/\/www.clinicalopezgimenez.com\/wp-content\/uploads\/2017\/01\/legal.jpg&quot;);--awb-background-size:cover;--awb-border-sizes-top:0px;--awb-border-sizes-bottom:0px;--awb-flex-wrap:wrap;\" ><div class=\"fusion-builder-row fusion-row\"><div class=\"fusion-layout-column fusion_builder_column fusion-builder-column-0 fusion_builder_column_1_1 1_1 fusion-one-full fusion-column-first fusion-column-last\" style=\"--awb-bg-size:cover;--awb-margin-top:25px;--awb-margin-bottom:10px;\"><div class=\"fusion-column-wrapper fusion-flex-column-wrapper-legacy\"><div class=\"fusion-sep-clear\"><\/div><div class=\"fusion-separator fusion-full-width-sep\" style=\"margin-left: auto;margin-right: auto;margin-top:5px;margin-bottom:5px;width:100%;\"><\/div><div class=\"fusion-sep-clear\"><\/div><div class=\"fusion-text fusion-text-1\"><h1><span style=\"color: #ffffff;\">Normes d&#8217;\u00fas de les xarxes socials<\/span><\/h1>\n<\/div><div class=\"fusion-sep-clear\"><\/div><div class=\"fusion-separator fusion-full-width-sep\" style=\"margin-left: auto;margin-right: auto;margin-top:5px;margin-bottom:0px;width:100%;\"><\/div><div class=\"fusion-sep-clear\"><\/div><div class=\"fusion-clearfix\"><\/div><\/div><\/div><\/div><\/div><div class=\"fusion-fullwidth fullwidth-box fusion-builder-row-2 nonhundred-percent-fullwidth non-hundred-percent-height-scrolling\" style=\"--awb-background-position:left top;--awb-border-radius-top-left:0px;--awb-border-radius-top-right:0px;--awb-border-radius-bottom-right:0px;--awb-border-radius-bottom-left:0px;--awb-padding-top:50px;--awb-padding-bottom:10px;--awb-border-sizes-top:0px;--awb-border-sizes-bottom:0px;--awb-flex-wrap:wrap;\" ><div class=\"fusion-builder-row fusion-row\"><div class=\"fusion-layout-column fusion_builder_column fusion-builder-column-1 fusion_builder_column_4_5 4_5 fusion-four-fifth fusion-column-first\" style=\"--awb-padding-top:0px;--awb-padding-right:40px;--awb-padding-bottom:0px;--awb-padding-left:40px;--awb-bg-color:#ffffff;--awb-bg-color-hover:#ffffff;--awb-bg-size:cover;--awb-border-color:#dddddd;--awb-border-style:solid;width:79.2%; margin-right: 4%;\"><div class=\"fusion-column-wrapper fusion-flex-column-wrapper-legacy\"><div class=\"fusion-text fusion-text-2\"><p>Abans de fer \u00fas de les Xarxes Socials de la CL\u00cdNICA L\u00d3PEZ GIM\u00c9NEZ, S.L., (d&#8217;ara endavant, com a TITULAR DE LES XARXES SOCIALS), considerem necessari que llegeixi de forma detinguda aquest text relatiu a les normes d&#8217;\u00fas dels perfils p\u00fablics de les nostres xarxes socials de <a href=\"https:\/\/www.facebook.com\/clinicalopezgimenez\/\" target=\"_blank\" rel=\"noopener\"><strong>Facebook<\/strong><\/a>, <a href=\"https:\/\/www.instagram.com\/clinicalopezgimenez\/\" target=\"_blank\" rel=\"noopener\"><strong>Instagram<\/strong><\/a>, y <a href=\"https:\/\/twitter.com\/CLopezGimenez\" target=\"_blank\" rel=\"noopener\"><strong>Twitter<\/strong><\/a>, servidors aliens on es troben allotjades les nostres xarxes socials.<\/p>\n<p>El TITULAR DE LES XARXES SOCIALS es compromet a complir amb tot el que es disposa en els presents termes i condicions d&#8217;\u00fas i li sol\u00b7licita expressament que vost\u00e8 com a usuari tamb\u00e9 ho faci, respectant absolutament totes les normes d&#8217;\u00fas que es descriuen a continuaci\u00f3.<\/p>\n<p>El TITULAR DE LES XARXES SOCIALS declara que \u00e9s una cl\u00ednica que ofereix serveis de totes les especialitats odontol\u00f2giques i serveis de medicina est\u00e8tica.<\/p>\n<p>El TITULAR DE LES XARXES SOCIALS l&#8217;informa que no pot garantir la veracitat, vig\u00e8ncia, integritat ni fiabilitat del contingut publicat per terceres persones alienes al mateix en els seus perfils oficials p\u00fablics de les seves xarxes socials o qualsevol enlla\u00e7 relacionat que faci refer\u00e8ncia al TITULAR DE LES XARXES SOCIALS.<\/p>\n<p>Per tot l&#8217;exposat anteriorment, el TITULAR DE LES XARXES SOCIALS li demana als seus usuaris de manera expressa que revisin i avalu\u00efn minuciosament el contingut i la veracitat del mateix abans de realitzar qualsevol tipus d&#8217;activitat en els nostres perfils, sol\u00b7licitant-los que el realitzin amb la major cautela possible. Li recordem que els perfils de les xarxes socials s\u00f3n p\u00fablics, la qual cosa implica que tot all\u00f2 que publiqui podr\u00e0 ser visualitzat per qualsevol tercer usuari de la xarxa social i pel TITULAR DE LES XARXES SOCIALS.<\/p>\n<p>Li comuniquem que vost\u00e8 \u00e9s l&#8217;\u00fanic responsable del contingut que publiqui i de les conseq\u00fc\u00e8ncies de la seva imatge i reputaci\u00f3, per la qual cosa li sol\u00b7licitem expressament que si t\u00e9 dubtes, millor no participi.<\/p>\n<p>El TITULAR DE LES XARXES SOCIALS l&#8217;informa que els nostres perfils en les nostres xarxes socials podrien contenir opinions de terceres persones, sense que necess\u00e0riament reflecteixin la nostra opini\u00f3, sent qualsevol tipus de contingut no publicat per TITULAR DE LES XARXES SOCIALS o opini\u00f3 responsabilitat \u00fanica i exclusiva de la persona autora de la mateixa.<\/p>\n<p>Cap usuari podr\u00e0 establir hiperenlla\u00e7os a les nostres xarxes socials, tret que hagu\u00e9s obtingut autoritzaci\u00f3 expressa del TITULAR DE LES XARXES SOCIALS.<\/p>\n<p>El TITULAR DE LES XARXES SOCIALS podria publicar en les seves xarxes socials informaci\u00f3 i continguts a trav\u00e9s d&#8217;enlla\u00e7os d&#8217;acc\u00e9s a altres llocs web gestionats per tercers, no obstant aix\u00f2, el TITULAR DE LES XARXES SOCIALS no pot controlar ni supervisar tots els continguts inclosos en aquests, sent responsabilitat de l&#8217;usuari la seva navegaci\u00f3 en aquests llocs enlla\u00e7ats. <\/p>\n<p>El TITULAR DE LES XARXES SOCIALS nom\u00e9s ser\u00e0 responsable dels continguts que apareguin en els llocs enlla\u00e7ats en la mesura en qu\u00e8 tingui coneixement efectiu d&#8217;aquesta il\u00b7licitud, sense que hagi desactivat de manera diligent aquest enlla\u00e7. En el moment que consideri i tingui coneixement que algun dels enlla\u00e7os \u00e9s il\u00b7l\u00edcit i en conseq\u00fc\u00e8ncia, vulnera els drets de terceres persones, el TITULAR DE LES XARXES SOCIALS li sol\u00b7licita que ens ho comuniqui en la major brevetat possible a trav\u00e9s del correu <strong><a href=\"mailto:info@clinicalopezgimenez.com\">info@clinicalopezgimenez.com<\/a><\/strong> o del tel\u00e8fon 934877704.<\/p>\n<p>Ni els hiperenlla\u00e7os ni els llocs enlla\u00e7ats suposen l&#8217;exist\u00e8ncia d&#8217;una relaci\u00f3 entre TITULAR DE LES XARXES SOCIALS i el propietari del lloc web on apareix l\u2019hiperenlla\u00e7 o del lloc enlla\u00e7at, ni l&#8217;aprovaci\u00f3 per part de TITULAR DE LES XARXES SOCIALS dels continguts d&#8217;aquestes p\u00e0gines.<\/p>\n<p>El TITULAR DE LES XARXES SOCIALS no autoritza ni t\u00e9 compet\u00e8ncies per a permetre la utilitzaci\u00f3 del material protegit pels drets de Propietat Intel\u00b7lectual que continguin els llocs enlla\u00e7ats, sent responsabilitat dels usuaris assegurar-se de comptar amb les corresponents llic\u00e8ncies.<\/p>\n<p>El TITULAR DE LES XARXES SOCIALS de manera activa realitza procediments de detecci\u00f3 i retirada de continguts que puguin suposar una amena\u00e7a, ser discriminatoris, constituir ofenses, insults, etc., o que vulnerin els drets de terceres persones. No obstant aix\u00f2, malgrat aix\u00f2, a vegades \u00e9s impossible controlar-ho de manera immediata, \u00e9s per aquesta ra\u00f3 que el TITULAR DE LES XARXES SOCIALS li sol\u00b7licita de manera expressa que:<\/p>\n<p>a) Manifesti la seva pr\u00f2pia opini\u00f3 amb respecte, sense suplantar la identitat de tercers.<\/p>\n<p>b) No faci comentaris o realitzi cap mena de conducta que puguin constituir insults, assetjament, amenaces, siguin difamatoris, calumniosos, incitin a l&#8217;odi, puguin constituir un delicte civil o penal o siguin contraris a les lleis.<\/p>\n<p>c) No publiqui informaci\u00f3 que pugui incloure dades de car\u00e0cter personal de terceres persones.<\/p>\n<p>d) No publiqui comentaris o material que puguin vulnerar els drets de propietat intel\u00b7lectual de tercers.<\/p>\n<p>e) No faci comentaris que puguin promoure interessos comercials, activitats mercantils o interessos professionals personals.<\/p>\n<p>En definitiva, el TITULAR DE LES XARXES SOCIALS es reserva el dret d&#8217;eliminar i moderar comentaris que pugui ser susceptible de constituir delicte o controv\u00e8rsia futura en la major celeritat possible, sempre que tingui coneixement sobre aix\u00f2, sense que el TITULAR DE LES XARXES SOCIALS informi als seus usuaris sobre aix\u00f2.<\/p>\n<\/div><div class=\"fusion-clearfix\"><\/div><\/div><\/div><\/div><\/div><\/p>\n","protected":false},"excerpt":{"rendered":"","protected":false},"author":1,"featured_media":0,"parent":0,"menu_order":96,"comment_status":"closed","ping_status":"closed","template":"100-width.php","meta":{"footnotes":""},"class_list":["post-7216","page","type-page","status-publish","hentry"],"yoast_head":"<!-- This site is optimized with the Yoast SEO plugin v26.2 - https:\/\/yoast.com\/wordpress\/plugins\/seo\/ -->\n<title>Normes d&#039;\u00fas de les xarxes socials - Cl\u00ednica L\u00f3pez Gim\u00e9nez<\/title>\n<meta name=\"description\" content=\"Normes d&#039;\u00fas de les xarxes socials\" \/>\n<meta name=\"robots\" content=\"index, follow, max-snippet:-1, max-image-preview:large, max-video-preview:-1\" \/>\n<link rel=\"canonical\" href=\"https:\/\/www.clinicalopezgimenez.com\/ca\/normes-dus-xarxes-socials\/\" \/>\n<meta property=\"og:locale\" content=\"ca_ES\" \/>\n<meta property=\"og:type\" content=\"article\" \/>\n<meta property=\"og:title\" content=\"Normes d&#039;\u00fas de les xarxes socials - Cl\u00ednica L\u00f3pez Gim\u00e9nez\" \/>\n<meta property=\"og:description\" content=\"Normes d&#039;\u00fas de les xarxes socials\" \/>\n<meta property=\"og:url\" content=\"https:\/\/www.clinicalopezgimenez.com\/ca\/normes-dus-xarxes-socials\/\" \/>\n<meta property=\"og:site_name\" content=\"Cl\u00ednica L\u00f3pez Gim\u00e9nez\" \/>\n<meta property=\"article:publisher\" content=\"https:\/\/www.facebook.com\/clinicalopezgimenez\/\" \/>\n<meta property=\"article:modified_time\" content=\"2020-08-20T15:43:32+00:00\" \/>\n<meta name=\"twitter:card\" content=\"summary_large_image\" \/>\n<meta name=\"twitter:site\" content=\"@CLopezGimenez\" \/>\n<meta name=\"twitter:label1\" content=\"Temps estimat de lectura\" \/>\n\t<meta name=\"twitter:data1\" content=\"6 minuts\" \/>\n<script type=\"application\/ld+json\" class=\"yoast-schema-graph\">{\"@context\":\"https:\/\/schema.org\",\"@graph\":[{\"@type\":\"WebPage\",\"@id\":\"https:\/\/www.clinicalopezgimenez.com\/ca\/normes-dus-xarxes-socials\/\",\"url\":\"https:\/\/www.clinicalopezgimenez.com\/ca\/normes-dus-xarxes-socials\/\",\"name\":\"Normes d'\u00fas de les xarxes socials - Cl\u00ednica L\u00f3pez Gim\u00e9nez\",\"isPartOf\":{\"@id\":\"https:\/\/www.clinicalopezgimenez.com\/#website\"},\"datePublished\":\"2020-08-14T17:19:34+00:00\",\"dateModified\":\"2020-08-20T15:43:32+00:00\",\"description\":\"Normes d'\u00fas de les xarxes socials\",\"breadcrumb\":{\"@id\":\"https:\/\/www.clinicalopezgimenez.com\/ca\/normes-dus-xarxes-socials\/#breadcrumb\"},\"inLanguage\":\"ca\",\"potentialAction\":[{\"@type\":\"ReadAction\",\"target\":[\"https:\/\/www.clinicalopezgimenez.com\/ca\/normes-dus-xarxes-socials\/\"]}]},{\"@type\":\"BreadcrumbList\",\"@id\":\"https:\/\/www.clinicalopezgimenez.com\/ca\/normes-dus-xarxes-socials\/#breadcrumb\",\"itemListElement\":[{\"@type\":\"ListItem\",\"position\":1,\"name\":\"Portada\",\"item\":\"https:\/\/www.clinicalopezgimenez.com\/ca\/\"},{\"@type\":\"ListItem\",\"position\":2,\"name\":\"Normes d&#8217;\u00fas de les xarxes socials\"}]},{\"@type\":\"WebSite\",\"@id\":\"https:\/\/www.clinicalopezgimenez.com\/#website\",\"url\":\"https:\/\/www.clinicalopezgimenez.com\/\",\"name\":\"Cl\u00ednica L\u00f3pez Gim\u00e9nez\",\"description\":\"Expertos en sonrisas\",\"publisher\":{\"@id\":\"https:\/\/www.clinicalopezgimenez.com\/#organization\"},\"potentialAction\":[{\"@type\":\"SearchAction\",\"target\":{\"@type\":\"EntryPoint\",\"urlTemplate\":\"https:\/\/www.clinicalopezgimenez.com\/?s={search_term_string}\"},\"query-input\":{\"@type\":\"PropertyValueSpecification\",\"valueRequired\":true,\"valueName\":\"search_term_string\"}}],\"inLanguage\":\"ca\"},{\"@type\":\"Organization\",\"@id\":\"https:\/\/www.clinicalopezgimenez.com\/#organization\",\"name\":\"Cl\u00ednica L\u00f3pez Gim\u00e9nez\",\"url\":\"https:\/\/www.clinicalopezgimenez.com\/\",\"logo\":{\"@type\":\"ImageObject\",\"inLanguage\":\"ca\",\"@id\":\"https:\/\/www.clinicalopezgimenez.com\/#\/schema\/logo\/image\/\",\"url\":\"http:\/\/www.clinicalopezgimenez.com\/wp-content\/uploads\/2016\/11\/Logo_CLG_n_v3.png\",\"contentUrl\":\"http:\/\/www.clinicalopezgimenez.com\/wp-content\/uploads\/2016\/11\/Logo_CLG_n_v3.png\",\"width\":283,\"height\":60,\"caption\":\"Cl\u00ednica L\u00f3pez Gim\u00e9nez\"},\"image\":{\"@id\":\"https:\/\/www.clinicalopezgimenez.com\/#\/schema\/logo\/image\/\"},\"sameAs\":[\"https:\/\/www.facebook.com\/clinicalopezgimenez\/\",\"https:\/\/x.com\/CLopezGimenez\",\"https:\/\/www.instagram.com\/clinicalopezgimenez\",\"https:\/\/www.youtube.com\/channel\/UCzePSFZoaBWaiQ-nRYL2S1g\"]}]}<\/script>\n<!-- \/ Yoast SEO plugin. -->","yoast_head_json":{"title":"Normes d'\u00fas de les xarxes socials - Cl\u00ednica L\u00f3pez Gim\u00e9nez","description":"Normes d'\u00fas de les xarxes socials","robots":{"index":"index","follow":"follow","max-snippet":"max-snippet:-1","max-image-preview":"max-image-preview:large","max-video-preview":"max-video-preview:-1"},"canonical":"https:\/\/www.clinicalopezgimenez.com\/ca\/normes-dus-xarxes-socials\/","og_locale":"ca_ES","og_type":"article","og_title":"Normes d'\u00fas de les xarxes socials - Cl\u00ednica L\u00f3pez Gim\u00e9nez","og_description":"Normes d'\u00fas de les xarxes socials","og_url":"https:\/\/www.clinicalopezgimenez.com\/ca\/normes-dus-xarxes-socials\/","og_site_name":"Cl\u00ednica L\u00f3pez Gim\u00e9nez","article_publisher":"https:\/\/www.facebook.com\/clinicalopezgimenez\/","article_modified_time":"2020-08-20T15:43:32+00:00","twitter_card":"summary_large_image","twitter_site":"@CLopezGimenez","twitter_misc":{"Temps estimat de lectura":"6 minuts"},"schema":{"@context":"https:\/\/schema.org","@graph":[{"@type":"WebPage","@id":"https:\/\/www.clinicalopezgimenez.com\/ca\/normes-dus-xarxes-socials\/","url":"https:\/\/www.clinicalopezgimenez.com\/ca\/normes-dus-xarxes-socials\/","name":"Normes d'\u00fas de les xarxes socials - Cl\u00ednica L\u00f3pez Gim\u00e9nez","isPartOf":{"@id":"https:\/\/www.clinicalopezgimenez.com\/#website"},"datePublished":"2020-08-14T17:19:34+00:00","dateModified":"2020-08-20T15:43:32+00:00","description":"Normes d'\u00fas de les xarxes socials","breadcrumb":{"@id":"https:\/\/www.clinicalopezgimenez.com\/ca\/normes-dus-xarxes-socials\/#breadcrumb"},"inLanguage":"ca","potentialAction":[{"@type":"ReadAction","target":["https:\/\/www.clinicalopezgimenez.com\/ca\/normes-dus-xarxes-socials\/"]}]},{"@type":"BreadcrumbList","@id":"https:\/\/www.clinicalopezgimenez.com\/ca\/normes-dus-xarxes-socials\/#breadcrumb","itemListElement":[{"@type":"ListItem","position":1,"name":"Portada","item":"https:\/\/www.clinicalopezgimenez.com\/ca\/"},{"@type":"ListItem","position":2,"name":"Normes d&#8217;\u00fas de les xarxes socials"}]},{"@type":"WebSite","@id":"https:\/\/www.clinicalopezgimenez.com\/#website","url":"https:\/\/www.clinicalopezgimenez.com\/","name":"Cl\u00ednica L\u00f3pez Gim\u00e9nez","description":"Expertos en sonrisas","publisher":{"@id":"https:\/\/www.clinicalopezgimenez.com\/#organization"},"potentialAction":[{"@type":"SearchAction","target":{"@type":"EntryPoint","urlTemplate":"https:\/\/www.clinicalopezgimenez.com\/?s={search_term_string}"},"query-input":{"@type":"PropertyValueSpecification","valueRequired":true,"valueName":"search_term_string"}}],"inLanguage":"ca"},{"@type":"Organization","@id":"https:\/\/www.clinicalopezgimenez.com\/#organization","name":"Cl\u00ednica L\u00f3pez Gim\u00e9nez","url":"https:\/\/www.clinicalopezgimenez.com\/","logo":{"@type":"ImageObject","inLanguage":"ca","@id":"https:\/\/www.clinicalopezgimenez.com\/#\/schema\/logo\/image\/","url":"http:\/\/www.clinicalopezgimenez.com\/wp-content\/uploads\/2016\/11\/Logo_CLG_n_v3.png","contentUrl":"http:\/\/www.clinicalopezgimenez.com\/wp-content\/uploads\/2016\/11\/Logo_CLG_n_v3.png","width":283,"height":60,"caption":"Cl\u00ednica L\u00f3pez Gim\u00e9nez"},"image":{"@id":"https:\/\/www.clinicalopezgimenez.com\/#\/schema\/logo\/image\/"},"sameAs":["https:\/\/www.facebook.com\/clinicalopezgimenez\/","https:\/\/x.com\/CLopezGimenez","https:\/\/www.instagram.com\/clinicalopezgimenez","https:\/\/www.youtube.com\/channel\/UCzePSFZoaBWaiQ-nRYL2S1g"]}]}},"_links":{"self":[{"href":"https:\/\/www.clinicalopezgimenez.com\/ca\/wp-json\/wp\/v2\/pages\/7216","targetHints":{"allow":["GET"]}}],"collection":[{"href":"https:\/\/www.clinicalopezgimenez.com\/ca\/wp-json\/wp\/v2\/pages"}],"about":[{"href":"https:\/\/www.clinicalopezgimenez.com\/ca\/wp-json\/wp\/v2\/types\/page"}],"author":[{"embeddable":true,"href":"https:\/\/www.clinicalopezgimenez.com\/ca\/wp-json\/wp\/v2\/users\/1"}],"replies":[{"embeddable":true,"href":"https:\/\/www.clinicalopezgimenez.com\/ca\/wp-json\/wp\/v2\/comments?post=7216"}],"version-history":[{"count":1,"href":"https:\/\/www.clinicalopezgimenez.com\/ca\/wp-json\/wp\/v2\/pages\/7216\/revisions"}],"predecessor-version":[{"id":7217,"href":"https:\/\/www.clinicalopezgimenez.com\/ca\/wp-json\/wp\/v2\/pages\/7216\/revisions\/7217"}],"wp:attachment":[{"href":"https:\/\/www.clinicalopezgimenez.com\/ca\/wp-json\/wp\/v2\/media?parent=7216"}],"curies":[{"name":"wp","href":"https:\/\/api.w.org\/{rel}","templated":true}]}}