{"id":1923,"date":"2017-01-21T16:44:31","date_gmt":"2017-01-21T15:44:31","guid":{"rendered":"http:\/\/www.clinicalopezgimenez.com\/?page_id=1923\/"},"modified":"2020-08-18T17:19:53","modified_gmt":"2020-08-18T15:19:53","slug":"financament","status":"publish","type":"page","link":"https:\/\/www.clinicalopezgimenez.com\/ca\/financament\/","title":{"rendered":"Finan\u00e7ament"},"content":{"rendered":"<p><div class=\"fusion-fullwidth fullwidth-box fusion-builder-row-1 fusion-parallax-none nonhundred-percent-fullwidth non-hundred-percent-height-scrolling\" style=\"--awb-background-position:center bottom;--awb-border-radius-top-left:0px;--awb-border-radius-top-right:0px;--awb-border-radius-bottom-right:0px;--awb-border-radius-bottom-left:0px;--awb-padding-top:10%;--awb-padding-right:0%;--awb-padding-bottom:5%;--awb-padding-left:5%;--awb-background-image:url(&quot;http:\/\/www.clinicalopezgimenez.com\/wp-content\/uploads\/2017\/01\/financiacion-medida.jpg&quot;);--awb-background-size:cover;--awb-border-sizes-top:0px;--awb-border-sizes-bottom:0px;--awb-flex-wrap:wrap;\" ><div class=\"fusion-builder-row fusion-row\"><div class=\"fusion-layout-column fusion_builder_column fusion-builder-column-0 fusion_builder_column_1_1 1_1 fusion-one-full fusion-column-first fusion-column-last\" style=\"--awb-bg-size:cover;--awb-margin-top:25px;--awb-margin-bottom:10px;\"><div class=\"fusion-column-wrapper fusion-flex-column-wrapper-legacy\"><div class=\"fusion-sep-clear\"><\/div><div class=\"fusion-separator fusion-full-width-sep\" style=\"margin-left: auto;margin-right: auto;margin-top:5px;margin-bottom:5px;width:100%;\"><\/div><div class=\"fusion-sep-clear\"><\/div><div class=\"fusion-text fusion-text-1\"><h1><span style=\"color: #ffffff;\">Finan\u00e7ament<\/span><\/h1>\n<\/div><div class=\"fusion-sep-clear\"><\/div><div class=\"fusion-separator fusion-full-width-sep\" style=\"margin-left: auto;margin-right: auto;margin-top:5px;margin-bottom:0px;width:100%;\"><\/div><div class=\"fusion-sep-clear\"><\/div><div class=\"fusion-clearfix\"><\/div><\/div><\/div><\/div><\/div><div class=\"fusion-fullwidth fullwidth-box fusion-builder-row-2 nonhundred-percent-fullwidth non-hundred-percent-height-scrolling\" style=\"--awb-background-position:left top;--awb-border-radius-top-left:0px;--awb-border-radius-top-right:0px;--awb-border-radius-bottom-right:0px;--awb-border-radius-bottom-left:0px;--awb-padding-top:50px;--awb-padding-bottom:10px;--awb-border-sizes-top:0px;--awb-border-sizes-bottom:0px;--awb-flex-wrap:wrap;\" ><div class=\"fusion-builder-row fusion-row\"><div class=\"fusion-layout-column fusion_builder_column fusion-builder-column-1 fusion_builder_column_3_5 3_5 fusion-three-fifth fusion-column-first\" style=\"--awb-padding-top:0px;--awb-padding-right:10px;--awb-padding-bottom:0px;--awb-padding-left:40px;--awb-bg-color:#ffffff;--awb-bg-color-hover:#ffffff;--awb-bg-size:cover;--awb-border-color:#dddddd;--awb-border-style:solid;width:58.4%; margin-right: 4%;\"><div class=\"fusion-column-wrapper fusion-flex-column-wrapper-legacy\"><div class=\"fusion-text fusion-text-2\"><p>Tots els nostres tractaments poden ser finan\u00e7ats en c\u00f2modes quotes.<\/p>\n<p>Assessori\u2019s amb els nostres especialistes per escollir la f\u00f3rmula que millor s&#8217;adapti a les seves necessitats.<\/p>\n<\/div><div class=\"fusion-sep-clear\"><\/div><div class=\"fusion-separator fusion-full-width-sep\" style=\"margin-left: auto;margin-right: auto;margin-top:15px;width:100%;\"><\/div><div class=\"fusion-sep-clear\"><\/div><div class=\"fusion-text fusion-text-3\"><h3><span style=\"color: #00609d;\"><strong>FINAN\u00c7AMENT FINS A 18 MESOS SENSE INTERESSOS<\/strong>*<\/span><\/h3>\n<\/div><div class=\"fusion-sep-clear\"><\/div><div class=\"fusion-separator fusion-full-width-sep\" style=\"margin-left: auto;margin-right: auto;margin-top:40px;width:100%;\"><\/div><div class=\"fusion-sep-clear\"><\/div><div class=\"fusion-text fusion-text-4\"><p><span style=\"color: #00609d;\">*<\/span> Comissi\u00f3 obertura: 2%.<\/p>\n<\/div><div class=\"fusion-clearfix\"><\/div><\/div><\/div><div class=\"fusion-layout-column fusion_builder_column fusion-builder-column-2 fusion_builder_column_2_5 2_5 fusion-two-fifth fusion-column-last\" style=\"--awb-padding-top:0px;--awb-padding-right:30px;--awb-padding-bottom:0px;--awb-padding-left:10px;--awb-bg-color:#ffffff;--awb-bg-color-hover:#ffffff;--awb-bg-size:cover;--awb-border-color:#dddddd;--awb-border-style:solid;width:37.6%;\"><div class=\"fusion-column-wrapper fusion-flex-column-wrapper-legacy\"><div class=\"fusion-sep-clear\"><\/div><div class=\"fusion-separator fusion-full-width-sep\" style=\"margin-left: auto;margin-right: auto;margin-top:10px;width:100%;\"><\/div><div class=\"fusion-sep-clear\"><\/div><div class=\"fusion-text fusion-text-5\"><p><img decoding=\"async\" src=\"http:\/\/www.clinicalopezgimenez.com\/wp-content\/uploads\/2017\/01\/financiacion-cat.jpg\" alt=\"Finan\u00e7ament\" width=\"451\" height=\"301\" class=\"alignnone size-full wp-image-1924\" srcset=\"https:\/\/www.clinicalopezgimenez.com\/wp-content\/uploads\/2017\/01\/financiacion-cat-200x133.jpg 200w, https:\/\/www.clinicalopezgimenez.com\/wp-content\/uploads\/2017\/01\/financiacion-cat-300x200.jpg 300w, https:\/\/www.clinicalopezgimenez.com\/wp-content\/uploads\/2017\/01\/financiacion-cat-400x267.jpg 400w, https:\/\/www.clinicalopezgimenez.com\/wp-content\/uploads\/2017\/01\/financiacion-cat.jpg 451w\" sizes=\"(max-width: 451px) 100vw, 451px\" \/><\/p>\n<\/div><div class=\"fusion-clearfix\"><\/div><\/div><\/div><\/div><\/div><div class=\"fusion-bg-parallax\" data-bg-align=\"center center\" data-direction=\"right\" data-mute=\"false\" data-opacity=\"100\" data-velocity=\"-0.5\" data-mobile-enabled=\"false\" data-break_parents=\"0\" data-bg-image=\"http:\/\/www.clinicalopezgimenez.com\/wp-content\/uploads\/2015\/12\/make-an-appointment.jpg\" data-bg-repeat=\"false\" ><\/div><div class=\"fusion-fullwidth fullwidth-box fusion-builder-row-3 fusion-parallax-right nonhundred-percent-fullwidth non-hundred-percent-height-scrolling\" style=\"--awb-border-radius-top-left:0px;--awb-border-radius-top-right:0px;--awb-border-radius-bottom-right:0px;--awb-border-radius-bottom-left:0px;--awb-padding-top:120px;--awb-padding-bottom:100px;--awb-background-image:url(&quot;http:\/\/www.clinicalopezgimenez.com\/wp-content\/uploads\/2015\/12\/make-an-appointment.jpg&quot;);--awb-background-size:cover;--awb-border-sizes-top:0px;--awb-border-sizes-bottom:0px;--awb-flex-wrap:wrap;\" ><div class=\"fusion-builder-row fusion-row\"><div class=\"fusion-layout-column fusion_builder_column fusion-builder-column-3 fusion_builder_column_1_6 1_6 fusion-one-sixth fusion-column-first fusion-no-small-visibility\" style=\"--awb-bg-size:cover;width:13.3333%; margin-right: 4%;\"><div class=\"fusion-column-wrapper fusion-flex-column-wrapper-legacy\"><div class=\"fusion-clearfix\"><\/div><\/div><\/div><div class=\"fusion-layout-column fusion_builder_column fusion-builder-column-4 fusion_builder_column_2_3 2_3 fusion-two-third\" style=\"--awb-bg-size:cover;width:65.3333%; margin-right: 4%;\"><div class=\"fusion-column-wrapper fusion-flex-column-wrapper-legacy\"><div class=\"fusion-text fusion-text-6\"><h2 style=\"text-align: center; color: #fff;\">Demani la seva cita online<\/h2>\n<\/div><div class=\"fusion-sep-clear\"><\/div><div class=\"fusion-separator\" style=\"margin-left: auto;margin-right: auto;margin-top:0px;margin-bottom:30px;width:100%;max-width:280px;\"><div class=\"fusion-separator-border sep-single sep-solid\" style=\"--awb-height:20px;--awb-amount:20px;--awb-sep-color:#d1d1d1;border-color:#d1d1d1;border-top-width:2px;\"><\/div><\/div><div class=\"fusion-sep-clear\"><\/div><div class=\"fusion-text fusion-text-7\"><h3 style=\"text-align: center; color: #fcfcfc;\">Empleni aquest senzill formulari per a sol\u00b7licitar cita amb el seu especialista.<br \/>\nIndiqui&#8217;ns en quina data i hora desitja que li atenguem i tan aviat com puguem contestarem a la seva sol\u00b7licitud. Moltes gr\u00e0cies per confiar en nosaltres.<\/h3>\n<\/div><div class=\"fusion-sep-clear\"><\/div><div class=\"fusion-separator fusion-full-width-sep\" style=\"margin-left: auto;margin-right: auto;margin-top:40px;width:100%;\"><\/div><div class=\"fusion-sep-clear\"><\/div>\n<div class=\"wpcf7 no-js\" id=\"wpcf7-f1921-o1\" lang=\"es-ES\" dir=\"ltr\" data-wpcf7-id=\"1921\">\n<div class=\"screen-reader-response\"><p role=\"status\" aria-live=\"polite\" aria-atomic=\"true\"><\/p> <ul><\/ul><\/div>\n<form action=\"\/ca\/wp-json\/wp\/v2\/pages\/1923#wpcf7-f1921-o1\" method=\"post\" class=\"wpcf7-form init\" aria-label=\"Formulario de contacto\" novalidate=\"novalidate\" data-status=\"init\">\n<fieldset class=\"hidden-fields-container\"><input type=\"hidden\" name=\"_wpcf7\" value=\"1921\" \/><input type=\"hidden\" name=\"_wpcf7_version\" value=\"6.1.2\" \/><input type=\"hidden\" name=\"_wpcf7_locale\" value=\"es_ES\" \/><input type=\"hidden\" name=\"_wpcf7_unit_tag\" value=\"wpcf7-f1921-o1\" \/><input type=\"hidden\" name=\"_wpcf7_container_post\" value=\"0\" \/><input type=\"hidden\" name=\"_wpcf7_posted_data_hash\" value=\"\" \/><input type=\"hidden\" name=\"_wpcf7_recaptcha_response\" value=\"\" \/>\n<\/fieldset>\n<div style=\"width:48%; float:left;\">\n\t<p><label><span class=\"wpcf7-form-control-wrap\" data-name=\"your-name\"><input size=\"40\" maxlength=\"400\" class=\"wpcf7-form-control wpcf7-text wpcf7-validates-as-required\" aria-required=\"true\" aria-invalid=\"false\" placeholder=\"Nom (necessari)\" value=\"\" type=\"text\" name=\"your-name\" \/><\/span><\/label>\n\t<\/p>\n\t<p><label><span class=\"wpcf7-form-control-wrap\" data-name=\"phone-number\"><input size=\"40\" maxlength=\"400\" class=\"wpcf7-form-control wpcf7-text wpcf7-validates-as-required\" aria-required=\"true\" aria-invalid=\"false\" placeholder=\"Tel\u00e8fon (necessari)\" value=\"\" type=\"text\" name=\"phone-number\" \/><\/span><\/label>\n\t<\/p>\n\t<p><label><\/label>\n\t<\/p>\n\t<p style=\"font-size: 16px;\"><span style=\"color: #ffffff;\">Data proposta<\/span>\n\t<\/p>\n\t<p><span class=\"wpcf7-form-control-wrap\" data-name=\"date-411\"><input class=\"wpcf7-form-control wpcf7-date wpcf7-validates-as-date\" aria-invalid=\"false\" value=\"\" type=\"date\" name=\"date-411\" \/><\/span>\n\t<\/p>\n<\/div>\n<div style=\"width:4%; float:left;\">\n\t<p>&nbsp;\n\t<\/p>\n<\/div>\n<div style=\"width:48%; float:left;\">\n\t<p><label><span class=\"wpcf7-form-control-wrap\" data-name=\"email\"><input size=\"40\" maxlength=\"400\" class=\"wpcf7-form-control wpcf7-email wpcf7-validates-as-required wpcf7-text wpcf7-validates-as-email\" aria-required=\"true\" aria-invalid=\"false\" placeholder=\"e-mail (necessari)\" value=\"\" type=\"email\" name=\"email\" \/><\/span><\/label>\n\t<\/p>\n\t<p><label><span class=\"wpcf7-form-control-wrap\" data-name=\"your-subject\"><input size=\"40\" maxlength=\"400\" class=\"wpcf7-form-control wpcf7-text\" aria-invalid=\"false\" placeholder=\"Per a qu\u00e8 vol demanar la cita?\" value=\"\" type=\"text\" name=\"your-subject\" \/><\/span><\/label>\n\t<\/p>\n\t<p><label><\/label>\n\t<\/p>\n\t<p style=\"font-size: 16px;\"><span style=\"color: #ffffff;\">Hora<\/span>\n\t<\/p>\n\t<p><span class=\"wpcf7-form-control-wrap\" data-name=\"menu-972\"><select class=\"wpcf7-form-control wpcf7-select\" aria-invalid=\"false\" name=\"menu-972\"><option value=\"09:00\">09:00<\/option><option value=\"09:30\">09:30<\/option><option value=\"10:00\">10:00<\/option><option value=\"10:30\">10:30<\/option><option value=\"11:00\">11:00<\/option><option value=\"11:30\">11:30<\/option><option value=\"12:00\">12:00<\/option><option value=\"12:30\">12:30<\/option><option value=\"13:00\">13:00<\/option><option value=\"13:30\">13:30<\/option><option value=\"14:00\">14:00<\/option><option value=\"14:30\">14:30<\/option><option value=\"15:00\">15:00<\/option><option value=\"15:30\">15:30<\/option><option value=\"16:00\">16:00<\/option><option value=\"16:30\">16:30<\/option><option value=\"17:00\">17:00<\/option><option value=\"17:30\">17:30<\/option><option value=\"18:00\">18:00<\/option><option value=\"18:30\">18:30<\/option><option value=\"19:00\">19:00<\/option><option value=\"19:30\">19:30<\/option><option value=\"20:00\">20:00<\/option><\/select><\/span>\n\t<\/p>\n<\/div>\n<p style=\"font-size: 16px;\"><span style=\"color: #ffffff;\">Consulta<\/span>\n<\/p>\n<p><span class=\"wpcf7-form-control-wrap\" data-name=\"menu-978\"><select class=\"wpcf7-form-control wpcf7-select\" aria-invalid=\"false\" name=\"menu-978\"><option value=\"Indiferent\">Indiferent<\/option><option value=\"Consulta de Consell de Cent, 284 (BARCELONA)\">Consulta de Consell de Cent, 284 (BARCELONA)<\/option><option value=\"Consulta de Consell de Cent, 282 (BARCELONA)\">Consulta de Consell de Cent, 282 (BARCELONA)<\/option><option value=\"Consulta de Diputaci\u00f3, 256 (BARCELONA)\">Consulta de Diputaci\u00f3, 256 (BARCELONA)<\/option><option value=\"Consulta de La Pau, 25 (CORBERA DE LLOBREGAT)\">Consulta de La Pau, 25 (CORBERA DE LLOBREGAT)<\/option><\/select><\/span>\n<\/p>\n<p style=\"margin-bottom: 25px;\"><span class=\"wpcf7-form-control-wrap\" data-name=\"your-message\"><textarea cols=\"40\" rows=\"10\" maxlength=\"2000\" class=\"wpcf7-form-control wpcf7-textarea\" aria-invalid=\"false\" placeholder=\"Ens explica una mica m\u00e9s, si us plau?\" name=\"your-message\"><\/textarea><\/span>\n<\/p>\n<p style=\"color:#ffffff\"><span class=\"wpcf7-form-control-wrap\" data-name=\"checkbox-327\"><span class=\"wpcf7-form-control wpcf7-checkbox wpcf7-validates-as-required wpcf7-exclusive-checkbox\"><span class=\"wpcf7-list-item first last\"><input type=\"checkbox\" name=\"checkbox-327\" value=\"S\u00ed\" \/><span class=\"wpcf7-list-item-label\">S\u00ed<\/span><\/span><\/span><\/span>, he llegit i accepto la <a href=\"http:\/\/www.clinicalopezgimenez.com\/ca\/avis-legal\/\" target=\"_blank\" style=\"color:#ffffff\"><strong>pol\u00edtica de privacitat<\/strong><\/a>.\n<\/p>\n<p><input class=\"wpcf7-form-control wpcf7-submit has-spinner\" type=\"submit\" value=\"Demanar cita online\" \/>\n<\/p><p style=\"display: none !important;\" class=\"akismet-fields-container\" data-prefix=\"_wpcf7_ak_\"><label>&#916;<textarea name=\"_wpcf7_ak_hp_textarea\" cols=\"45\" rows=\"8\" maxlength=\"100\"><\/textarea><\/label><input type=\"hidden\" id=\"ak_js_1\" name=\"_wpcf7_ak_js\" value=\"231\"\/><script>document.getElementById( \"ak_js_1\" ).setAttribute( \"value\", ( new Date() ).getTime() );<\/script><\/p><div class=\"fusion-alert alert custom alert-custom fusion-alert-center wpcf7-response-output fusion-alert-capitalize awb-alert-native-link-color alert-dismissable awb-alert-close-boxed\" style=\"--awb-border-top-left-radius:0px;--awb-border-top-right-radius:0px;--awb-border-bottom-left-radius:0px;--awb-border-bottom-right-radius:0px;\" role=\"alert\"><div class=\"fusion-alert-content-wrapper\"><span class=\"fusion-alert-content\"><\/span><\/div><button type=\"button\" class=\"close toggle-alert\" data-dismiss=\"alert\" aria-label=\"Close\">&times;<\/button><\/div>\n<\/form>\n<\/div>\n<div class=\"fusion-text fusion-text-8\"><div style=\"font-size: 11px; font-weight: 200; text-align: justify; line-height: 110%; margin-top: 20px; font-style: italic; color: #fefefe;\">En compliment del que estableix la Llei Org\u00e0nica 3\/2018, de 5 de desembre, sobre Protecci\u00f3 de Dades Personals i garantia dels drets digitals, l&#8217;informem que CL\u00cdNICA L\u00d3PEZ GIM\u00c9NEZ, SL, amb NIF B-65323172 i domicili al Carrer Consell de Cent 284, Entl., 08007, Barcelona (BARCELONA), \u00e9s el responsable del Tractament de les seves dades de car\u00e0cter personal que vost\u00e8 ens faciliti volunt\u00e0riament a trav\u00e9s del present formulari per a les seg\u00fcents finalitats: (i) emmagatzemar, gestionar i tramitar la seva sol\u00b7licitud, consulta o petici\u00f3 a trav\u00e9s de el present formulari; (ii) prestar-li els serveis d&#8217;odontologia i estomatologia sol\u00b7licitats i (iii) per al compliment de les nostres obligacions legals. Aix\u00ed mateix, l&#8217;informem que vost\u00e8 pot exercir els drets d&#8217;acc\u00e9s, rectificaci\u00f3, supressi\u00f3, oposici\u00f3, limitaci\u00f3 i portabilitat, en qualsevol moment, mitjan\u00e7ant el correu electr\u00f2nic <u><a style=\"color: #fefefe;\" href=\"mailto:info@clinicalopezgimenez.com\" target=\"_blank\" rel=\"noopener\">info@clinicalopezgimenez.com<\/a><\/u> o mitjan\u00e7ant el correu postal indicat. Per a m\u00e9s informaci\u00f3 sobre la <a style=\"color: #fefefe;\" href=\"https:\/\/www.clinicalopezgimenez.com\/ca\/avis-legal\/\" target=\"_blank\" rel=\"noopener\"><strong>Pol\u00edtica de Privacitat<\/strong><\/a>.<\/div>\n<\/div><div class=\"fusion-clearfix\"><\/div><\/div><\/div><div class=\"fusion-layout-column fusion_builder_column fusion-builder-column-5 fusion_builder_column_1_6 1_6 fusion-one-sixth fusion-column-last fusion-no-small-visibility\" style=\"--awb-bg-size:cover;width:13.3333%;\"><div class=\"fusion-column-wrapper fusion-flex-column-wrapper-legacy\"><div class=\"fusion-clearfix\"><\/div><\/div><\/div><\/div><\/div><\/p>\n","protected":false},"excerpt":{"rendered":"","protected":false},"author":1,"featured_media":0,"parent":0,"menu_order":40,"comment_status":"closed","ping_status":"closed","template":"100-width.php","meta":{"footnotes":""},"class_list":["post-1923","page","type-page","status-publish","hentry"],"yoast_head":"<!-- This site is optimized with the Yoast SEO plugin v26.2 - https:\/\/yoast.com\/wordpress\/plugins\/seo\/ -->\n<title>Finan\u00e7ament - Cl\u00ednica L\u00f3pez Gim\u00e9nez<\/title>\n<meta name=\"description\" content=\"Finan\u00e7ament\" \/>\n<meta name=\"robots\" content=\"index, follow, max-snippet:-1, max-image-preview:large, max-video-preview:-1\" \/>\n<link rel=\"canonical\" href=\"https:\/\/www.clinicalopezgimenez.com\/ca\/financament\/\" \/>\n<meta property=\"og:locale\" content=\"ca_ES\" \/>\n<meta property=\"og:type\" content=\"article\" \/>\n<meta property=\"og:title\" content=\"Finan\u00e7ament - Cl\u00ednica L\u00f3pez Gim\u00e9nez\" \/>\n<meta property=\"og:description\" content=\"Finan\u00e7ament\" \/>\n<meta property=\"og:url\" content=\"https:\/\/www.clinicalopezgimenez.com\/ca\/financament\/\" \/>\n<meta property=\"og:site_name\" content=\"Cl\u00ednica L\u00f3pez Gim\u00e9nez\" \/>\n<meta property=\"article:publisher\" content=\"https:\/\/www.facebook.com\/clinicalopezgimenez\/\" \/>\n<meta property=\"article:modified_time\" content=\"2020-08-18T15:19:53+00:00\" \/>\n<meta property=\"og:image\" content=\"http:\/\/www.clinicalopezgimenez.com\/wp-content\/uploads\/2017\/01\/financiacion-cat.jpg\" \/>\n<meta name=\"twitter:card\" content=\"summary_large_image\" \/>\n<meta name=\"twitter:site\" content=\"@CLopezGimenez\" \/>\n<meta name=\"twitter:label1\" content=\"Temps estimat de lectura\" \/>\n\t<meta name=\"twitter:data1\" content=\"5 minuts\" \/>\n<script type=\"application\/ld+json\" class=\"yoast-schema-graph\">{\"@context\":\"https:\/\/schema.org\",\"@graph\":[{\"@type\":\"WebPage\",\"@id\":\"https:\/\/www.clinicalopezgimenez.com\/ca\/financament\/\",\"url\":\"https:\/\/www.clinicalopezgimenez.com\/ca\/financament\/\",\"name\":\"Finan\u00e7ament - Cl\u00ednica L\u00f3pez Gim\u00e9nez\",\"isPartOf\":{\"@id\":\"https:\/\/www.clinicalopezgimenez.com\/#website\"},\"primaryImageOfPage\":{\"@id\":\"https:\/\/www.clinicalopezgimenez.com\/ca\/financament\/#primaryimage\"},\"image\":{\"@id\":\"https:\/\/www.clinicalopezgimenez.com\/ca\/financament\/#primaryimage\"},\"thumbnailUrl\":\"http:\/\/www.clinicalopezgimenez.com\/wp-content\/uploads\/2017\/01\/financiacion-cat.jpg\",\"datePublished\":\"2017-01-21T15:44:31+00:00\",\"dateModified\":\"2020-08-18T15:19:53+00:00\",\"description\":\"Finan\u00e7ament\",\"breadcrumb\":{\"@id\":\"https:\/\/www.clinicalopezgimenez.com\/ca\/financament\/#breadcrumb\"},\"inLanguage\":\"ca\",\"potentialAction\":[{\"@type\":\"ReadAction\",\"target\":[\"https:\/\/www.clinicalopezgimenez.com\/ca\/financament\/\"]}]},{\"@type\":\"ImageObject\",\"inLanguage\":\"ca\",\"@id\":\"https:\/\/www.clinicalopezgimenez.com\/ca\/financament\/#primaryimage\",\"url\":\"http:\/\/www.clinicalopezgimenez.com\/wp-content\/uploads\/2017\/01\/financiacion-cat.jpg\",\"contentUrl\":\"http:\/\/www.clinicalopezgimenez.com\/wp-content\/uploads\/2017\/01\/financiacion-cat.jpg\"},{\"@type\":\"BreadcrumbList\",\"@id\":\"https:\/\/www.clinicalopezgimenez.com\/ca\/financament\/#breadcrumb\",\"itemListElement\":[{\"@type\":\"ListItem\",\"position\":1,\"name\":\"Portada\",\"item\":\"https:\/\/www.clinicalopezgimenez.com\/ca\/\"},{\"@type\":\"ListItem\",\"position\":2,\"name\":\"Finan\u00e7ament\"}]},{\"@type\":\"WebSite\",\"@id\":\"https:\/\/www.clinicalopezgimenez.com\/#website\",\"url\":\"https:\/\/www.clinicalopezgimenez.com\/\",\"name\":\"Cl\u00ednica L\u00f3pez Gim\u00e9nez\",\"description\":\"Expertos en sonrisas\",\"publisher\":{\"@id\":\"https:\/\/www.clinicalopezgimenez.com\/#organization\"},\"potentialAction\":[{\"@type\":\"SearchAction\",\"target\":{\"@type\":\"EntryPoint\",\"urlTemplate\":\"https:\/\/www.clinicalopezgimenez.com\/?s={search_term_string}\"},\"query-input\":{\"@type\":\"PropertyValueSpecification\",\"valueRequired\":true,\"valueName\":\"search_term_string\"}}],\"inLanguage\":\"ca\"},{\"@type\":\"Organization\",\"@id\":\"https:\/\/www.clinicalopezgimenez.com\/#organization\",\"name\":\"Cl\u00ednica L\u00f3pez Gim\u00e9nez\",\"url\":\"https:\/\/www.clinicalopezgimenez.com\/\",\"logo\":{\"@type\":\"ImageObject\",\"inLanguage\":\"ca\",\"@id\":\"https:\/\/www.clinicalopezgimenez.com\/#\/schema\/logo\/image\/\",\"url\":\"http:\/\/www.clinicalopezgimenez.com\/wp-content\/uploads\/2016\/11\/Logo_CLG_n_v3.png\",\"contentUrl\":\"http:\/\/www.clinicalopezgimenez.com\/wp-content\/uploads\/2016\/11\/Logo_CLG_n_v3.png\",\"width\":283,\"height\":60,\"caption\":\"Cl\u00ednica L\u00f3pez Gim\u00e9nez\"},\"image\":{\"@id\":\"https:\/\/www.clinicalopezgimenez.com\/#\/schema\/logo\/image\/\"},\"sameAs\":[\"https:\/\/www.facebook.com\/clinicalopezgimenez\/\",\"https:\/\/x.com\/CLopezGimenez\",\"https:\/\/www.instagram.com\/clinicalopezgimenez\",\"https:\/\/www.youtube.com\/channel\/UCzePSFZoaBWaiQ-nRYL2S1g\"]}]}<\/script>\n<!-- \/ Yoast SEO plugin. -->","yoast_head_json":{"title":"Finan\u00e7ament - Cl\u00ednica L\u00f3pez Gim\u00e9nez","description":"Finan\u00e7ament","robots":{"index":"index","follow":"follow","max-snippet":"max-snippet:-1","max-image-preview":"max-image-preview:large","max-video-preview":"max-video-preview:-1"},"canonical":"https:\/\/www.clinicalopezgimenez.com\/ca\/financament\/","og_locale":"ca_ES","og_type":"article","og_title":"Finan\u00e7ament - Cl\u00ednica L\u00f3pez Gim\u00e9nez","og_description":"Finan\u00e7ament","og_url":"https:\/\/www.clinicalopezgimenez.com\/ca\/financament\/","og_site_name":"Cl\u00ednica L\u00f3pez Gim\u00e9nez","article_publisher":"https:\/\/www.facebook.com\/clinicalopezgimenez\/","article_modified_time":"2020-08-18T15:19:53+00:00","og_image":[{"url":"http:\/\/www.clinicalopezgimenez.com\/wp-content\/uploads\/2017\/01\/financiacion-cat.jpg","type":"","width":"","height":""}],"twitter_card":"summary_large_image","twitter_site":"@CLopezGimenez","twitter_misc":{"Temps estimat de lectura":"5 minuts"},"schema":{"@context":"https:\/\/schema.org","@graph":[{"@type":"WebPage","@id":"https:\/\/www.clinicalopezgimenez.com\/ca\/financament\/","url":"https:\/\/www.clinicalopezgimenez.com\/ca\/financament\/","name":"Finan\u00e7ament - Cl\u00ednica L\u00f3pez Gim\u00e9nez","isPartOf":{"@id":"https:\/\/www.clinicalopezgimenez.com\/#website"},"primaryImageOfPage":{"@id":"https:\/\/www.clinicalopezgimenez.com\/ca\/financament\/#primaryimage"},"image":{"@id":"https:\/\/www.clinicalopezgimenez.com\/ca\/financament\/#primaryimage"},"thumbnailUrl":"http:\/\/www.clinicalopezgimenez.com\/wp-content\/uploads\/2017\/01\/financiacion-cat.jpg","datePublished":"2017-01-21T15:44:31+00:00","dateModified":"2020-08-18T15:19:53+00:00","description":"Finan\u00e7ament","breadcrumb":{"@id":"https:\/\/www.clinicalopezgimenez.com\/ca\/financament\/#breadcrumb"},"inLanguage":"ca","potentialAction":[{"@type":"ReadAction","target":["https:\/\/www.clinicalopezgimenez.com\/ca\/financament\/"]}]},{"@type":"ImageObject","inLanguage":"ca","@id":"https:\/\/www.clinicalopezgimenez.com\/ca\/financament\/#primaryimage","url":"http:\/\/www.clinicalopezgimenez.com\/wp-content\/uploads\/2017\/01\/financiacion-cat.jpg","contentUrl":"http:\/\/www.clinicalopezgimenez.com\/wp-content\/uploads\/2017\/01\/financiacion-cat.jpg"},{"@type":"BreadcrumbList","@id":"https:\/\/www.clinicalopezgimenez.com\/ca\/financament\/#breadcrumb","itemListElement":[{"@type":"ListItem","position":1,"name":"Portada","item":"https:\/\/www.clinicalopezgimenez.com\/ca\/"},{"@type":"ListItem","position":2,"name":"Finan\u00e7ament"}]},{"@type":"WebSite","@id":"https:\/\/www.clinicalopezgimenez.com\/#website","url":"https:\/\/www.clinicalopezgimenez.com\/","name":"Cl\u00ednica L\u00f3pez Gim\u00e9nez","description":"Expertos en sonrisas","publisher":{"@id":"https:\/\/www.clinicalopezgimenez.com\/#organization"},"potentialAction":[{"@type":"SearchAction","target":{"@type":"EntryPoint","urlTemplate":"https:\/\/www.clinicalopezgimenez.com\/?s={search_term_string}"},"query-input":{"@type":"PropertyValueSpecification","valueRequired":true,"valueName":"search_term_string"}}],"inLanguage":"ca"},{"@type":"Organization","@id":"https:\/\/www.clinicalopezgimenez.com\/#organization","name":"Cl\u00ednica L\u00f3pez Gim\u00e9nez","url":"https:\/\/www.clinicalopezgimenez.com\/","logo":{"@type":"ImageObject","inLanguage":"ca","@id":"https:\/\/www.clinicalopezgimenez.com\/#\/schema\/logo\/image\/","url":"http:\/\/www.clinicalopezgimenez.com\/wp-content\/uploads\/2016\/11\/Logo_CLG_n_v3.png","contentUrl":"http:\/\/www.clinicalopezgimenez.com\/wp-content\/uploads\/2016\/11\/Logo_CLG_n_v3.png","width":283,"height":60,"caption":"Cl\u00ednica L\u00f3pez Gim\u00e9nez"},"image":{"@id":"https:\/\/www.clinicalopezgimenez.com\/#\/schema\/logo\/image\/"},"sameAs":["https:\/\/www.facebook.com\/clinicalopezgimenez\/","https:\/\/x.com\/CLopezGimenez","https:\/\/www.instagram.com\/clinicalopezgimenez","https:\/\/www.youtube.com\/channel\/UCzePSFZoaBWaiQ-nRYL2S1g"]}]}},"_links":{"self":[{"href":"https:\/\/www.clinicalopezgimenez.com\/ca\/wp-json\/wp\/v2\/pages\/1923","targetHints":{"allow":["GET"]}}],"collection":[{"href":"https:\/\/www.clinicalopezgimenez.com\/ca\/wp-json\/wp\/v2\/pages"}],"about":[{"href":"https:\/\/www.clinicalopezgimenez.com\/ca\/wp-json\/wp\/v2\/types\/page"}],"author":[{"embeddable":true,"href":"https:\/\/www.clinicalopezgimenez.com\/ca\/wp-json\/wp\/v2\/users\/1"}],"replies":[{"embeddable":true,"href":"https:\/\/www.clinicalopezgimenez.com\/ca\/wp-json\/wp\/v2\/comments?post=1923"}],"version-history":[{"count":2,"href":"https:\/\/www.clinicalopezgimenez.com\/ca\/wp-json\/wp\/v2\/pages\/1923\/revisions"}],"predecessor-version":[{"id":7207,"href":"https:\/\/www.clinicalopezgimenez.com\/ca\/wp-json\/wp\/v2\/pages\/1923\/revisions\/7207"}],"wp:attachment":[{"href":"https:\/\/www.clinicalopezgimenez.com\/ca\/wp-json\/wp\/v2\/media?parent=1923"}],"curies":[{"name":"wp","href":"https:\/\/api.w.org\/{rel}","templated":true}]}}